{"id":1908,"date":"2025-01-13T10:42:36","date_gmt":"2025-01-13T10:42:36","guid":{"rendered":"https:\/\/assessoriaboren.com\/arquitectura-sostenibilitat-rehabilitacio\/"},"modified":"2025-01-13T10:56:42","modified_gmt":"2025-01-13T10:56:42","slug":"arquitectura-sostenibilidad-rehabilitacion","status":"publish","type":"page","link":"https:\/\/assessoriaboren.com\/es\/arquitectura-sostenibilidad-rehabilitacion\/","title":{"rendered":"Arquitectura, Sostenibilidad, Rehabilitaci\u00f3n"},"content":{"rendered":"\t\t<div data-elementor-type=\"wp-page\" data-elementor-id=\"1908\" class=\"elementor elementor-1908\" data-elementor-post-type=\"page\">\n\t\t\t\t\t\t<section class=\"elementor-section elementor-top-section elementor-element elementor-element-221c910 elementor-section-boxed elementor-section-height-default elementor-section-height-default\" data-id=\"221c910\" data-element_type=\"section\" data-e-type=\"section\">\n\t\t\t\t\t\t<div class=\"elementor-container elementor-column-gap-default\">\n\t\t\t\t\t<div class=\"elementor-column elementor-col-100 elementor-top-column elementor-element elementor-element-dea540f\" data-id=\"dea540f\" data-element_type=\"column\" data-e-type=\"column\">\n\t\t\t<div class=\"elementor-widget-wrap elementor-element-populated\">\n\t\t\t\t\t\t<div class=\"elementor-element elementor-element-3072399 elementor-widget-divider--view-line elementor-widget elementor-widget-divider\" data-id=\"3072399\" data-element_type=\"widget\" data-e-type=\"widget\" data-widget_type=\"divider.default\">\n\t\t\t\t<div class=\"elementor-widget-container\">\n\t\t\t\t\t\t\t<div class=\"elementor-divider\">\n\t\t\t<span class=\"elementor-divider-separator\">\n\t\t\t\t\t\t<\/span>\n\t\t<\/div>\n\t\t\t\t\t\t<\/div>\n\t\t\t\t<\/div>\n\t\t\t\t\t<\/div>\n\t\t<\/div>\n\t\t\t\t\t<\/div>\n\t\t<\/section>\n\t\t\t\t<section class=\"elementor-section elementor-top-section elementor-element elementor-element-667023a elementor-section-boxed elementor-section-height-default elementor-section-height-default\" data-id=\"667023a\" data-element_type=\"section\" data-e-type=\"section\">\n\t\t\t\t\t\t<div class=\"elementor-container elementor-column-gap-default\">\n\t\t\t\t\t<div class=\"elementor-column elementor-col-50 elementor-top-column elementor-element elementor-element-5ad7f29\" data-id=\"5ad7f29\" data-element_type=\"column\" data-e-type=\"column\">\n\t\t\t<div class=\"elementor-widget-wrap\">\n\t\t\t\t\t\t\t<\/div>\n\t\t<\/div>\n\t\t\t\t<div class=\"elementor-column elementor-col-50 elementor-top-column elementor-element elementor-element-cdc1fa6\" data-id=\"cdc1fa6\" data-element_type=\"column\" data-e-type=\"column\">\n\t\t\t<div class=\"elementor-widget-wrap\">\n\t\t\t\t\t\t\t<\/div>\n\t\t<\/div>\n\t\t\t\t\t<\/div>\n\t\t<\/section>\n\t\t\t\t<section class=\"elementor-section elementor-top-section elementor-element elementor-element-94b5974 elementor-section-boxed elementor-section-height-default elementor-section-height-default\" data-id=\"94b5974\" data-element_type=\"section\" data-e-type=\"section\" data-settings=\"{&quot;background_background&quot;:&quot;classic&quot;}\">\n\t\t\t\t\t\t\t<div class=\"elementor-background-overlay\"><\/div>\n\t\t\t\t\t\t\t<div class=\"elementor-container elementor-column-gap-default\">\n\t\t\t\t\t<div class=\"elementor-column elementor-col-100 elementor-top-column elementor-element elementor-element-472e1017\" data-id=\"472e1017\" data-element_type=\"column\" data-e-type=\"column\">\n\t\t\t<div class=\"elementor-widget-wrap elementor-element-populated\">\n\t\t\t\t\t\t<div class=\"elementor-element elementor-element-3a8088dc elementor-invisible elementor-widget elementor-widget-heading\" data-id=\"3a8088dc\" data-element_type=\"widget\" data-e-type=\"widget\" data-settings=\"{&quot;_animation&quot;:&quot;fadeInUp&quot;}\" data-widget_type=\"heading.default\">\n\t\t\t\t<div class=\"elementor-widget-container\">\n\t\t\t\t\t<h1 class=\"elementor-heading-title elementor-size-default\">Arquitectura Sostenibilidad Rehabilitaci\u00f3n<\/h1>\t\t\t\t<\/div>\n\t\t\t\t<\/div>\n\t\t\t\t<div class=\"elementor-element elementor-element-54c1d4a elementor-icon-list--layout-inline elementor-align-center elementor-list-item-link-full_width elementor-invisible elementor-widget elementor-widget-icon-list\" data-id=\"54c1d4a\" data-element_type=\"widget\" data-e-type=\"widget\" data-settings=\"{&quot;_animation&quot;:&quot;fadeInUp&quot;}\" data-widget_type=\"icon-list.default\">\n\t\t\t\t<div class=\"elementor-widget-container\">\n\t\t\t\t\t\t\t<ul class=\"elementor-icon-list-items elementor-inline-items\">\n\t\t\t\t\t\t\t<li class=\"elementor-icon-list-item elementor-inline-item\">\n\t\t\t\t\t\t\t\t\t\t\t<a href=\"https:\/\/assessoriaboren.com\/es\/\">\n\n\t\t\t\t\t\t\t\t\t\t\t<span class=\"elementor-icon-list-text\">Inicio<\/span>\n\t\t\t\t\t\t\t\t\t\t\t<\/a>\n\t\t\t\t\t\t\t\t\t<\/li>\n\t\t\t\t\t\t\t\t<li class=\"elementor-icon-list-item elementor-inline-item\">\n\t\t\t\t\t\t\t\t\t\t<span class=\"elementor-icon-list-text\"><\/span>\n\t\t\t\t\t\t\t\t\t<\/li>\n\t\t\t\t\t\t<\/ul>\n\t\t\t\t\t\t<\/div>\n\t\t\t\t<\/div>\n\t\t\t\t\t<\/div>\n\t\t<\/div>\n\t\t\t\t\t<\/div>\n\t\t<\/section>\n\t\t\t\t<section class=\"elementor-section elementor-top-section elementor-element elementor-element-579145b1 elementor-section-boxed elementor-section-height-default elementor-section-height-default\" data-id=\"579145b1\" data-element_type=\"section\" data-e-type=\"section\">\n\t\t\t\t\t\t<div class=\"elementor-container elementor-column-gap-default\">\n\t\t\t\t\t<div class=\"elementor-column elementor-col-50 elementor-top-column elementor-element elementor-element-7191783a\" data-id=\"7191783a\" data-element_type=\"column\" data-e-type=\"column\">\n\t\t\t<div class=\"elementor-widget-wrap elementor-element-populated\">\n\t\t\t\t\t\t<div class=\"elementor-element elementor-element-161e81b6 elementor-widget__width-initial elementor-absolute elementor-invisible elementor-widget elementor-widget-spacer\" data-id=\"161e81b6\" data-element_type=\"widget\" data-e-type=\"widget\" data-settings=\"{&quot;_position&quot;:&quot;absolute&quot;,&quot;_animation&quot;:&quot;fadeInDown&quot;}\" data-widget_type=\"spacer.default\">\n\t\t\t\t<div class=\"elementor-widget-container\">\n\t\t\t\t\t\t\t<div class=\"elementor-spacer\">\n\t\t\t<div class=\"elementor-spacer-inner\"><\/div>\n\t\t<\/div>\n\t\t\t\t\t\t<\/div>\n\t\t\t\t<\/div>\n\t\t\t\t<div class=\"elementor-element elementor-element-6800696 elementor-widget__width-initial elementor-absolute elementor-widget-mobile__width-initial elementor-invisible elementor-widget elementor-widget-spacer\" data-id=\"6800696\" data-element_type=\"widget\" data-e-type=\"widget\" data-settings=\"{&quot;_position&quot;:&quot;absolute&quot;,&quot;_animation&quot;:&quot;fadeInUp&quot;}\" data-widget_type=\"spacer.default\">\n\t\t\t\t<div class=\"elementor-widget-container\">\n\t\t\t\t\t\t\t<div class=\"elementor-spacer\">\n\t\t\t<div class=\"elementor-spacer-inner\"><\/div>\n\t\t<\/div>\n\t\t\t\t\t\t<\/div>\n\t\t\t\t<\/div>\n\t\t\t\t<div class=\"elementor-element elementor-element-18cde5b1 elementor-invisible elementor-widget elementor-widget-image\" data-id=\"18cde5b1\" data-element_type=\"widget\" data-e-type=\"widget\" data-settings=\"{&quot;_animation&quot;:&quot;zoomIn&quot;}\" data-widget_type=\"image.default\">\n\t\t\t\t<div class=\"elementor-widget-container\">\n\t\t\t\t\t\t\t\t\t\t\t\t\t\t\t<img fetchpriority=\"high\" decoding=\"async\" width=\"1080\" height=\"1080\" src=\"https:\/\/assessoriaboren.com\/wp-content\/uploads\/2024\/12\/arquitectura.jpg\" class=\"attachment-full size-full wp-image-1868\" alt=\"\" srcset=\"https:\/\/assessoriaboren.com\/wp-content\/uploads\/2024\/12\/arquitectura.jpg 1080w, https:\/\/assessoriaboren.com\/wp-content\/uploads\/2024\/12\/arquitectura-300x300.jpg 300w, https:\/\/assessoriaboren.com\/wp-content\/uploads\/2024\/12\/arquitectura-1024x1024.jpg 1024w, https:\/\/assessoriaboren.com\/wp-content\/uploads\/2024\/12\/arquitectura-150x150.jpg 150w, https:\/\/assessoriaboren.com\/wp-content\/uploads\/2024\/12\/arquitectura-768x768.jpg 768w\" sizes=\"(max-width: 1080px) 100vw, 1080px\" \/>\t\t\t\t\t\t\t\t\t\t\t\t\t\t\t<\/div>\n\t\t\t\t<\/div>\n\t\t\t\t\t<\/div>\n\t\t<\/div>\n\t\t\t\t<div class=\"elementor-column elementor-col-50 elementor-top-column elementor-element elementor-element-7b0634a2\" data-id=\"7b0634a2\" data-element_type=\"column\" data-e-type=\"column\">\n\t\t\t<div class=\"elementor-widget-wrap elementor-element-populated\">\n\t\t\t\t\t\t<section class=\"elementor-section elementor-inner-section elementor-element elementor-element-3df855d0 elementor-section-boxed elementor-section-height-default elementor-section-height-default\" data-id=\"3df855d0\" data-element_type=\"section\" data-e-type=\"section\">\n\t\t\t\t\t\t<div class=\"elementor-container elementor-column-gap-default\">\n\t\t\t\t\t<div class=\"elementor-column elementor-col-100 elementor-inner-column elementor-element elementor-element-67b71bd1\" data-id=\"67b71bd1\" data-element_type=\"column\" data-e-type=\"column\">\n\t\t\t<div class=\"elementor-widget-wrap elementor-element-populated\">\n\t\t\t\t\t\t<div class=\"elementor-element elementor-element-40051409 elementor-invisible elementor-widget elementor-widget-text-editor\" data-id=\"40051409\" data-element_type=\"widget\" data-e-type=\"widget\" data-settings=\"{&quot;_animation&quot;:&quot;fadeInUp&quot;}\" data-widget_type=\"text-editor.default\">\n\t\t\t\t<div class=\"elementor-widget-container\">\n\t\t\t\t\t\t\t\t\t<p><strong><img decoding=\"async\" src=\"https:\/\/assessoriaboren.com\/wp-content\/uploads\/2025\/01\/LOGO-ASR-300x249.jpg\" alt=\"\" width=\"110\" height=\"91\">ASR S.L.P.U: Especialistas en la restauraci\u00f3n y conservaci\u00f3n del patrimonio arquitect\u00f3nico<\/strong><\/p>\n<p>En ASR S.L.P.U.,<span style=\"font-family: var( --e-global-typography-text-font-family ), Sans-serif; font-size: var( --e-global-typography-text-font-size ); letter-spacing: var( --e-global-typography-text-letter-spacing );\">&nbsp;<\/span><span style=\"font-family: var( --e-global-typography-text-font-family ), Sans-serif; font-size: var( --e-global-typography-text-font-size ); letter-spacing: var( --e-global-typography-text-letter-spacing );\">&nbsp;liderados por Alfons S\u00e0nchez i Roza, Arquitecto T\u00e9cnico con un M\u00e1ster en Restauraci\u00f3n de Monumentos Arquitect\u00f3nicos, se dedican a preservar la historia que explican los edificios y monumentos de nuestro entorno.<\/span><\/p><p>Con a\u00f1os de experiencia y una gran pasi\u00f3n por el patrimonio arquitect\u00f3nico, trabajan en la restauraci\u00f3n, rehabilitaci\u00f3n y conservaci\u00f3n de estructuras emblem\u00e1ticas, combinando t\u00e9cnicas tradicionales con las soluciones m\u00e1s innovadoras.<\/p><p>Su objetivo es mantener viva la esencia del pasado mientras aseguran que los edificios contin\u00faen siendo funcionalmente seguros y sostenibles para las generaciones futuras.<\/p><p>Confiar en ASR S.L.P.U es apostar por la calidad, el respeto por el patrimonio y la excelencia t\u00e9cnica.<\/p>\n<div><span style=\"color: #6aa84f;\">A<\/span><span style=\"color: #0b5394;\">SR slpu<\/span><\/div>\n<div>Arquitectura_Sostenibilitat_Rehabilitaci\u00f3<\/div>\n<div>629 25 94 33<\/div>\n<div>asrehabilitacion@gmail.com&nbsp;<\/div>\t\t\t\t\t\t\t\t<\/div>\n\t\t\t\t<\/div>\n\t\t\t\t\t<\/div>\n\t\t<\/div>\n\t\t\t\t\t<\/div>\n\t\t<\/section>\n\t\t\t\t\t<\/div>\n\t\t<\/div>\n\t\t\t\t\t<\/div>\n\t\t<\/section>\n\t\t\t\t<\/div>\n\t\t","protected":false},"excerpt":{"rendered":"<p>Arquitectura Sostenibilidad Rehabilitaci\u00f3n Inicio ASR S.L.P.U: Especialistas en la restauraci\u00f3n y conservaci\u00f3n del patrimonio arquitect\u00f3nico En ASR S.L.P.U.,&nbsp;&nbsp;liderados por Alfons S\u00e0nchez i Roza, Arquitecto T\u00e9cnico con un M\u00e1ster en Restauraci\u00f3n de Monumentos Arquitect\u00f3nicos, se dedican a preservar la historia que explican los edificios y monumentos de nuestro entorno. Con a\u00f1os de experiencia y una gran &#8230; <a title=\"Arquitectura, Sostenibilidad, Rehabilitaci\u00f3n\" class=\"read-more\" href=\"https:\/\/assessoriaboren.com\/es\/arquitectura-sostenibilidad-rehabilitacion\/\" aria-label=\"Leer m\u00e1s sobre Arquitectura, Sostenibilidad, Rehabilitaci\u00f3n\">Leer m\u00e1s<\/a><\/p>\n","protected":false},"author":1,"featured_media":0,"parent":0,"menu_order":0,"comment_status":"closed","ping_status":"closed","template":"elementor_header_footer","meta":{"footnotes":""},"class_list":["post-1908","page","type-page","status-publish"],"yoast_head":"<!-- This site is optimized with the Yoast SEO plugin v27.4 - https:\/\/yoast.com\/product\/yoast-seo-wordpress\/ -->\n<title>Arquitectura, Sostenibilidad, Rehabilitaci\u00f3n - Assessoria Bor\u00e9n<\/title>\n<meta name=\"robots\" content=\"index, follow, max-snippet:-1, max-image-preview:large, max-video-preview:-1\" \/>\n<link rel=\"canonical\" href=\"https:\/\/assessoriaboren.com\/es\/arquitectura-sostenibilidad-rehabilitacion\/\" \/>\n<meta property=\"og:locale\" content=\"es_ES\" \/>\n<meta property=\"og:type\" content=\"article\" \/>\n<meta property=\"og:title\" content=\"Arquitectura, Sostenibilidad, Rehabilitaci\u00f3n - Assessoria Bor\u00e9n\" \/>\n<meta property=\"og:description\" content=\"Arquitectura Sostenibilidad Rehabilitaci\u00f3n Inicio ASR S.L.P.U: Especialistas en la restauraci\u00f3n y conservaci\u00f3n del patrimonio arquitect\u00f3nico En ASR S.L.P.U.,&nbsp;&nbsp;liderados por Alfons S\u00e0nchez i Roza, Arquitecto T\u00e9cnico con un M\u00e1ster en Restauraci\u00f3n de Monumentos Arquitect\u00f3nicos, se dedican a preservar la historia que explican los edificios y monumentos de nuestro entorno. Con a\u00f1os de experiencia y una gran ... Leer m\u00e1s\" \/>\n<meta property=\"og:url\" content=\"https:\/\/assessoriaboren.com\/es\/arquitectura-sostenibilidad-rehabilitacion\/\" \/>\n<meta property=\"og:site_name\" content=\"Assessoria Bor\u00e9n\" \/>\n<meta property=\"article:modified_time\" content=\"2025-01-13T10:56:42+00:00\" \/>\n<meta property=\"og:image\" content=\"https:\/\/assessoriaboren.com\/wp-content\/uploads\/2024\/12\/arquitectura.jpg\" \/>\n\t<meta property=\"og:image:width\" content=\"1080\" \/>\n\t<meta property=\"og:image:height\" content=\"1080\" \/>\n\t<meta property=\"og:image:type\" content=\"image\/jpeg\" \/>\n<meta name=\"twitter:card\" content=\"summary_large_image\" \/>\n<meta name=\"twitter:label1\" content=\"Tiempo de lectura\" \/>\n\t<meta name=\"twitter:data1\" content=\"2 minutos\" \/>\n<script type=\"application\/ld+json\" class=\"yoast-schema-graph\">{\"@context\":\"https:\\\/\\\/schema.org\",\"@graph\":[{\"@type\":\"WebPage\",\"@id\":\"https:\\\/\\\/assessoriaboren.com\\\/es\\\/arquitectura-sostenibilidad-rehabilitacion\\\/\",\"url\":\"https:\\\/\\\/assessoriaboren.com\\\/es\\\/arquitectura-sostenibilidad-rehabilitacion\\\/\",\"name\":\"Arquitectura, Sostenibilidad, Rehabilitaci\u00f3n - Assessoria Bor\u00e9n\",\"isPartOf\":{\"@id\":\"https:\\\/\\\/assessoriaboren.com\\\/es\\\/#website\"},\"primaryImageOfPage\":{\"@id\":\"https:\\\/\\\/assessoriaboren.com\\\/es\\\/arquitectura-sostenibilidad-rehabilitacion\\\/#primaryimage\"},\"image\":{\"@id\":\"https:\\\/\\\/assessoriaboren.com\\\/es\\\/arquitectura-sostenibilidad-rehabilitacion\\\/#primaryimage\"},\"thumbnailUrl\":\"https:\\\/\\\/assessoriaboren.com\\\/wp-content\\\/uploads\\\/2024\\\/12\\\/arquitectura.jpg\",\"datePublished\":\"2025-01-13T10:42:36+00:00\",\"dateModified\":\"2025-01-13T10:56:42+00:00\",\"breadcrumb\":{\"@id\":\"https:\\\/\\\/assessoriaboren.com\\\/es\\\/arquitectura-sostenibilidad-rehabilitacion\\\/#breadcrumb\"},\"inLanguage\":\"es\",\"potentialAction\":[{\"@type\":\"ReadAction\",\"target\":[\"https:\\\/\\\/assessoriaboren.com\\\/es\\\/arquitectura-sostenibilidad-rehabilitacion\\\/\"]}]},{\"@type\":\"ImageObject\",\"inLanguage\":\"es\",\"@id\":\"https:\\\/\\\/assessoriaboren.com\\\/es\\\/arquitectura-sostenibilidad-rehabilitacion\\\/#primaryimage\",\"url\":\"https:\\\/\\\/assessoriaboren.com\\\/wp-content\\\/uploads\\\/2024\\\/12\\\/arquitectura.jpg\",\"contentUrl\":\"https:\\\/\\\/assessoriaboren.com\\\/wp-content\\\/uploads\\\/2024\\\/12\\\/arquitectura.jpg\"},{\"@type\":\"BreadcrumbList\",\"@id\":\"https:\\\/\\\/assessoriaboren.com\\\/es\\\/arquitectura-sostenibilidad-rehabilitacion\\\/#breadcrumb\",\"itemListElement\":[{\"@type\":\"ListItem\",\"position\":1,\"name\":\"Portada\",\"item\":\"https:\\\/\\\/assessoriaboren.com\\\/es\\\/\"},{\"@type\":\"ListItem\",\"position\":2,\"name\":\"Arquitectura, Sostenibilidad, Rehabilitaci\u00f3n\"}]},{\"@type\":\"WebSite\",\"@id\":\"https:\\\/\\\/assessoriaboren.com\\\/es\\\/#website\",\"url\":\"https:\\\/\\\/assessoriaboren.com\\\/es\\\/\",\"name\":\"Assessoria Bor\u00e9n\",\"description\":\"Servicios profesionales inmobiliarios de administraci\u00f3n de fincas y alquileres\",\"publisher\":{\"@id\":\"https:\\\/\\\/assessoriaboren.com\\\/es\\\/#organization\"},\"potentialAction\":[{\"@type\":\"SearchAction\",\"target\":{\"@type\":\"EntryPoint\",\"urlTemplate\":\"https:\\\/\\\/assessoriaboren.com\\\/es\\\/?s={search_term_string}\"},\"query-input\":{\"@type\":\"PropertyValueSpecification\",\"valueRequired\":true,\"valueName\":\"search_term_string\"}}],\"inLanguage\":\"es\"},{\"@type\":\"Organization\",\"@id\":\"https:\\\/\\\/assessoriaboren.com\\\/es\\\/#organization\",\"name\":\"Assesor\u00eda Bor\u00e9n\",\"url\":\"https:\\\/\\\/assessoriaboren.com\\\/es\\\/\",\"logo\":{\"@type\":\"ImageObject\",\"inLanguage\":\"es\",\"@id\":\"https:\\\/\\\/assessoriaboren.com\\\/es\\\/#\\\/schema\\\/logo\\\/image\\\/\",\"url\":\"https:\\\/\\\/assessoriaboren.com\\\/wp-content\\\/uploads\\\/2022\\\/02\\\/logo-boren1.jpg\",\"contentUrl\":\"https:\\\/\\\/assessoriaboren.com\\\/wp-content\\\/uploads\\\/2022\\\/02\\\/logo-boren1.jpg\",\"width\":300,\"height\":97,\"caption\":\"Assesor\u00eda Bor\u00e9n\"},\"image\":{\"@id\":\"https:\\\/\\\/assessoriaboren.com\\\/es\\\/#\\\/schema\\\/logo\\\/image\\\/\"}}]}<\/script>\n<!-- \/ Yoast SEO plugin. -->","yoast_head_json":{"title":"Arquitectura, Sostenibilidad, Rehabilitaci\u00f3n - Assessoria Bor\u00e9n","robots":{"index":"index","follow":"follow","max-snippet":"max-snippet:-1","max-image-preview":"max-image-preview:large","max-video-preview":"max-video-preview:-1"},"canonical":"https:\/\/assessoriaboren.com\/es\/arquitectura-sostenibilidad-rehabilitacion\/","og_locale":"es_ES","og_type":"article","og_title":"Arquitectura, Sostenibilidad, Rehabilitaci\u00f3n - Assessoria Bor\u00e9n","og_description":"Arquitectura Sostenibilidad Rehabilitaci\u00f3n Inicio ASR S.L.P.U: Especialistas en la restauraci\u00f3n y conservaci\u00f3n del patrimonio arquitect\u00f3nico En ASR S.L.P.U.,&nbsp;&nbsp;liderados por Alfons S\u00e0nchez i Roza, Arquitecto T\u00e9cnico con un M\u00e1ster en Restauraci\u00f3n de Monumentos Arquitect\u00f3nicos, se dedican a preservar la historia que explican los edificios y monumentos de nuestro entorno. Con a\u00f1os de experiencia y una gran ... Leer m\u00e1s","og_url":"https:\/\/assessoriaboren.com\/es\/arquitectura-sostenibilidad-rehabilitacion\/","og_site_name":"Assessoria Bor\u00e9n","article_modified_time":"2025-01-13T10:56:42+00:00","og_image":[{"width":1080,"height":1080,"url":"https:\/\/assessoriaboren.com\/wp-content\/uploads\/2024\/12\/arquitectura.jpg","type":"image\/jpeg"}],"twitter_card":"summary_large_image","twitter_misc":{"Tiempo de lectura":"2 minutos"},"schema":{"@context":"https:\/\/schema.org","@graph":[{"@type":"WebPage","@id":"https:\/\/assessoriaboren.com\/es\/arquitectura-sostenibilidad-rehabilitacion\/","url":"https:\/\/assessoriaboren.com\/es\/arquitectura-sostenibilidad-rehabilitacion\/","name":"Arquitectura, Sostenibilidad, Rehabilitaci\u00f3n - Assessoria Bor\u00e9n","isPartOf":{"@id":"https:\/\/assessoriaboren.com\/es\/#website"},"primaryImageOfPage":{"@id":"https:\/\/assessoriaboren.com\/es\/arquitectura-sostenibilidad-rehabilitacion\/#primaryimage"},"image":{"@id":"https:\/\/assessoriaboren.com\/es\/arquitectura-sostenibilidad-rehabilitacion\/#primaryimage"},"thumbnailUrl":"https:\/\/assessoriaboren.com\/wp-content\/uploads\/2024\/12\/arquitectura.jpg","datePublished":"2025-01-13T10:42:36+00:00","dateModified":"2025-01-13T10:56:42+00:00","breadcrumb":{"@id":"https:\/\/assessoriaboren.com\/es\/arquitectura-sostenibilidad-rehabilitacion\/#breadcrumb"},"inLanguage":"es","potentialAction":[{"@type":"ReadAction","target":["https:\/\/assessoriaboren.com\/es\/arquitectura-sostenibilidad-rehabilitacion\/"]}]},{"@type":"ImageObject","inLanguage":"es","@id":"https:\/\/assessoriaboren.com\/es\/arquitectura-sostenibilidad-rehabilitacion\/#primaryimage","url":"https:\/\/assessoriaboren.com\/wp-content\/uploads\/2024\/12\/arquitectura.jpg","contentUrl":"https:\/\/assessoriaboren.com\/wp-content\/uploads\/2024\/12\/arquitectura.jpg"},{"@type":"BreadcrumbList","@id":"https:\/\/assessoriaboren.com\/es\/arquitectura-sostenibilidad-rehabilitacion\/#breadcrumb","itemListElement":[{"@type":"ListItem","position":1,"name":"Portada","item":"https:\/\/assessoriaboren.com\/es\/"},{"@type":"ListItem","position":2,"name":"Arquitectura, Sostenibilidad, Rehabilitaci\u00f3n"}]},{"@type":"WebSite","@id":"https:\/\/assessoriaboren.com\/es\/#website","url":"https:\/\/assessoriaboren.com\/es\/","name":"Assessoria Bor\u00e9n","description":"Servicios profesionales inmobiliarios de administraci\u00f3n de fincas y alquileres","publisher":{"@id":"https:\/\/assessoriaboren.com\/es\/#organization"},"potentialAction":[{"@type":"SearchAction","target":{"@type":"EntryPoint","urlTemplate":"https:\/\/assessoriaboren.com\/es\/?s={search_term_string}"},"query-input":{"@type":"PropertyValueSpecification","valueRequired":true,"valueName":"search_term_string"}}],"inLanguage":"es"},{"@type":"Organization","@id":"https:\/\/assessoriaboren.com\/es\/#organization","name":"Assesor\u00eda Bor\u00e9n","url":"https:\/\/assessoriaboren.com\/es\/","logo":{"@type":"ImageObject","inLanguage":"es","@id":"https:\/\/assessoriaboren.com\/es\/#\/schema\/logo\/image\/","url":"https:\/\/assessoriaboren.com\/wp-content\/uploads\/2022\/02\/logo-boren1.jpg","contentUrl":"https:\/\/assessoriaboren.com\/wp-content\/uploads\/2022\/02\/logo-boren1.jpg","width":300,"height":97,"caption":"Assesor\u00eda Bor\u00e9n"},"image":{"@id":"https:\/\/assessoriaboren.com\/es\/#\/schema\/logo\/image\/"}}]}},"_links":{"self":[{"href":"https:\/\/assessoriaboren.com\/es\/wp-json\/wp\/v2\/pages\/1908","targetHints":{"allow":["GET"]}}],"collection":[{"href":"https:\/\/assessoriaboren.com\/es\/wp-json\/wp\/v2\/pages"}],"about":[{"href":"https:\/\/assessoriaboren.com\/es\/wp-json\/wp\/v2\/types\/page"}],"author":[{"embeddable":true,"href":"https:\/\/assessoriaboren.com\/es\/wp-json\/wp\/v2\/users\/1"}],"replies":[{"embeddable":true,"href":"https:\/\/assessoriaboren.com\/es\/wp-json\/wp\/v2\/comments?post=1908"}],"version-history":[{"count":8,"href":"https:\/\/assessoriaboren.com\/es\/wp-json\/wp\/v2\/pages\/1908\/revisions"}],"predecessor-version":[{"id":1919,"href":"https:\/\/assessoriaboren.com\/es\/wp-json\/wp\/v2\/pages\/1908\/revisions\/1919"}],"wp:attachment":[{"href":"https:\/\/assessoriaboren.com\/es\/wp-json\/wp\/v2\/media?parent=1908"}],"curies":[{"name":"wp","href":"https:\/\/api.w.org\/{rel}","templated":true}]}}