{"id":1288,"date":"2022-01-07T11:27:47","date_gmt":"2022-01-07T11:27:47","guid":{"rendered":"https:\/\/assessoriaboren.com\/politica-privacidad\/"},"modified":"2022-04-26T11:00:50","modified_gmt":"2022-04-26T11:00:50","slug":"politica-de-privacidad","status":"publish","type":"page","link":"https:\/\/assessoriaboren.com\/es\/politica-de-privacidad\/","title":{"rendered":"Aviso legal y pol\u00edtica de privacidad"},"content":{"rendered":"\n<p>1. Objeto y aceptaci\u00f3n.<br>2. Condiciones de acceso y utilizaci\u00f3n.<br>3. Exclusi\u00f3n de garant\u00edas y de responsabilidad.<br>4. Pol\u00edtica de privacidad.<br>5. Procedimiento en caso de realizaci\u00f3n de actividades de car\u00e1cter il\u00edcito.<br>6. Publicaciones.<br>7. Notificaciones.<\/p>\n\n\n\n<ol class=\"wp-block-list\"><li><strong>Objeto y aceptaci\u00f3n<\/strong><\/li><\/ol>\n\n\n\n<p>El presente aviso legal regula el uso de este sitio web, que pone a su disposici\u00f3n ASSESSORIA BOR\u00c9N SLU: C\/ Fulton, 20 Local 08031 CIF B64318702, tel\u00e9fono 934295969 y direcci\u00f3n de correo electr\u00f3nico boren@assessoriaboren.com<\/p>\n\n\n\n<p>La navegaci\u00f3n por este sitio web atribuye la condici\u00f3n de usuario del mismo e implica la aceptaci\u00f3n plena y sin reservas de todas y cada una de las disposiciones incluidas en este Aviso Legal, que pueden sufrir modificaciones.<\/p>\n\n\n\n<p>El usuario se obliga a hacer un uso correcto del sitio web de conformidad con las leyes, la buena fe, el orden p\u00fablico, los usos del tr\u00e1fico y el presente Aviso Legal. El usuario responder\u00e1 frente a ASSESSORIA BOR\u00c9N SLU o frente a terceros, de cualesquiera da\u00f1os y perjuicios que pudieran causarse como consecuencia del incumplimiento de dicha obligaci\u00f3n.<\/p>\n\n\n\n<ol class=\"wp-block-list\" start=\"2\"><li><strong>Condiciones de acceso y utilizaci\u00f3n<\/strong><\/li><\/ol>\n\n\n\n<p>El usuario garantiza la autenticidad y actualidad de todos aquellos datos que comunique a ASSESSORIA BOR\u00c9N SLU y ser\u00e1 el \u00fanico responsable de las manifestaciones falsas o inexactas que realice.<\/p>\n\n\n\n<p>El usuario se compromete expresamente a hacer un uso adecuado de los contenidos y servicios de ASSESSORIA BOR\u00c9N SLU y a no emplearlos para, entre otros:<\/p>\n\n\n\n<ol class=\"wp-block-list\"><li><em>a)<\/em>&nbsp;Difundir contenidos, delictivos, violentos, pornogr\u00e1ficos, racistas, xen\u00f3fobo, ofensivos, de apolog\u00eda del terrorismo o, en general, contrarios a la ley o al orden p\u00fablico.<\/li><li><em>b)<\/em>&nbsp;Introducir en la red virus inform\u00e1ticos o realizar actuaciones susceptibles de alterar, estropear, interrumpir o generar errores o da\u00f1os en los documentos electr\u00f3nicos, datos o sistemas f\u00edsicos y l\u00f3gicos de ASSESSORIA BOR\u00c9N SLU o de terceras personas; as\u00ed como obstaculizar el acceso de otros usuarios al sitio web y a sus servicios mediante el consumo masivo de los recursos inform\u00e1ticos a trav\u00e9s de los cuales ASSESSORIA BOR\u00c9N SLU presta sus servicios.<\/li><li><em>c)<\/em>&nbsp;Intentar acceder a las cuentas de correo electr\u00f3nico de otros usuarios o a \u00e1reas restringidas de los sistemas inform\u00e1ticos de ASSESSORIA BOR\u00c9N SLU o de terceros y, en su caso, extraer informaci\u00f3n.<\/li><li><em>d)<\/em>&nbsp;vulnerar los derechos de propiedad intelectual o industrial, as\u00ed como violar la confidencialidad de la informaci\u00f3n de ASSESSORIA BOR\u00c9N SLU o de terceros.<\/li><li><em>e)<\/em>&nbsp;suplantar la identidad de otro usuario, de las administraciones p\u00fablicas o de un tercero.<\/li><li><em>f)<\/em>&nbsp;reproducir, copiar, distribuir, poner a disposici\u00f3n o de cualquier otra forma comunicar p\u00fablicamente, transformar o modificar los contenidos, a menos que se cuente con la autorizaci\u00f3n del titular de los correspondientes derechos o ello resulte legalmente permitido.<\/li><li><em>g)<\/em>&nbsp;recabar datos con finalidad publicitaria y de remitir publicidad de cualquier clase y comunicaciones con fines de venta u otras de naturaleza comercial sin que medie su previa solicitud o consentimiento.<\/li><\/ol>\n\n\n\n<p>Todos los contenidos del sitio web, como textos, fotograf\u00edas, gr\u00e1ficos, im\u00e1genes, iconos, tecnolog\u00eda, software, as\u00ed como su dise\u00f1o gr\u00e1fico y c\u00f3digos fuente, constituyen una obra cuya propiedad pertenece a ASSESSORIA BOR\u00c9N SLU sin que puedan entenderse cedidos al usuario ninguno de los derechos de explotaci\u00f3n sobre los mismos m\u00e1s all\u00e1 de lo estrictamente necesario para el correcto uso de la web.<\/p>\n\n\n\n<p>En definitiva, los usuarios que accedan a este sitio web pueden visualizar los contenidos y efectuar, en su caso, copias privadas autorizadas siempre que los elementos reproducidos no sean cedidos posteriormente a terceros, ni se instalen a servidores conectados a redes, ni sean objeto de ning\u00fan tipo de explotaci\u00f3n.<\/p>\n\n\n\n<p>Asimismo, todas las marcas, nombres comerciales o signos distintivos de cualquier clase que aparecen en el sitio web son propiedad de ASSESSORIA BOR\u00c9N SLU, sin que pueda entenderse que el uso o acceso al mismo atribuya al usuario derecho alguno sobre los mismos.<\/p>\n\n\n\n<p>La distribuci\u00f3n, modificaci\u00f3n, cesi\u00f3n o comunicaci\u00f3n p\u00fablica de los contenidos y cualquier otro acto que no haya sido expresamente autorizado por el titular de los derechos de explotaci\u00f3n quedan prohibidos.<\/p>\n\n\n\n<p>El establecimiento de un hiperenlace no implica en ning\u00fan caso la existencia de relaciones entre ASSESSORIA BOR\u00c9N SLU y el propietario del sitio web en la que se establezca, ni la aceptaci\u00f3n y aprobaci\u00f3n por parte de ASSESSORIA BOR\u00c9N SLU de sus contenidos o servicios. Aquellas personas que se propongan establecer un hiperenlace previamente deber\u00e1n solicitar autorizaci\u00f3n por escrito a ASSESSORIA BOR\u00c9N SLU<\/p>\n\n\n\n<p>En todo caso, el hiperenlace \u00fanicamente permitir\u00e1 el acceso a la home-page o p\u00e1gina de inicio de nuestro sitio web, asimismo deber\u00e1 abstenerse de realizar manifestaciones o indicaciones falsas, inexactas o incorrectas sobre ASSESSORIA BOR\u00c9N SLU o incluir contenidos il\u00edcitos, contrarios a las buenas costumbres y al orden p\u00fablico.<\/p>\n\n\n\n<p>ASSESSORIA BOR\u00c9N SLU no se responsabiliza del uso que cada usuario le d\u00e9 a los materiales puestos a disposici\u00f3n en este sitio web ni de las actuaciones que realice en base a los mismos.<\/p>\n\n\n\n<ol class=\"wp-block-list\" start=\"3\"><li><strong>Exclusi\u00f3n de garant\u00edas y de responsabilidad<\/strong><\/li><\/ol>\n\n\n\n<p>El contenido del presente sitio web es de car\u00e1cter general y tiene una finalidad meramente informativa, sin que se garantice plenamente el acceso a todos los contenidos, ni su exhaustividad, correcci\u00f3n, vigencia o actualidad, ni su idoneidad o utilidad para un objetivo espec\u00edfico.<\/p>\n\n\n\n<p>ASSESSORIA BOR\u00c9N SLU excluye, hasta donde permite el ordenamiento jur\u00eddico, cualquier responsabilidad por los da\u00f1os y perjuicios de toda naturaleza derivados de:<\/p>\n\n\n\n<ol class=\"wp-block-list\"><li><em>a)<\/em>&nbsp;La imposibilidad de acceso al sitio web o la falta de veracidad, exactitud, exhaustividad y\/o actualidad de los contenidos, as\u00ed como la existencia de vicios y defectos de toda clase de los contenidos transmitidos, difundidos, almacenados, puestos a disposici\u00f3n a los que se haya accedido a trav\u00e9s del sitio web o de los servicios que se ofrecen.<\/li><li><em>b)<\/em>&nbsp;La presencia de virus o de otros elementos en los contenidos que puedan producir alteraciones en los sistemas inform\u00e1ticos, documentos electr\u00f3nicos o datos de los usuarios.<\/li><li><em>c)<\/em>&nbsp;El incumplimiento de las leyes, la buena fe, el orden p\u00fablico, los usos del tr\u00e1fico y el presente aviso legal como consecuencia del uso incorrecto del sitio web. En particular, y a modo ejemplificativo, ASSESSORIA BOR\u00c9N SLU no se hace responsable de las actuaciones de terceros que vulneren derechos de propiedad intelectual e industrial, secretos empresariales, derechos al honor, a la intimidad personal y familiar y a la propia imagen, as\u00ed como la normativa en materia de competencia desleal y publicidad il\u00edcita.<\/li><\/ol>\n\n\n\n<p>Asimismo, ASSESSORIA BOR\u00c9N SLU declina cualquier responsabilidad respecto a la informaci\u00f3n que se halle fuera de esta web y no sea gestionada directamente por nuestro webmaster. La funci\u00f3n de los links que aparecen en esta web es exclusivamente la de informar al usuario sobre la existencia de otras fuentes susceptibles de ampliar los contenidos que ofrece este sitio web. ASSESSORIA BOR\u00c9N SLU no garantiza ni se responsabiliza del funcionamiento o accesibilidad de los sitios enlazados; ni sugiere, invita o recomienda la visita a los mismos, por lo que tampoco ser\u00e1 responsable del resultado obtenido. ASSESSORIA BOR\u00c9N SLU no se responsabiliza del establecimiento de hiperv\u00ednculos por parte de terceros.<\/p>\n\n\n\n<ol class=\"wp-block-list\" start=\"4\"><li><strong>Pol\u00edtica de privacidad<\/strong><\/li><\/ol>\n\n\n\n<p>Cuando precisemos obtener informaci\u00f3n por su parte, siempre le solicitaremos que nos la proporcione voluntariamente de forma expresa. Los datos recabados a trav\u00e9s de los formularios de recogida de datos del sitio web u otras v\u00edas ser\u00e1n incorporados a un fichero automatizado de datos de car\u00e1cter personal del cual es responsable ASSESSORIA BOR\u00c9N SLU Esta entidad tratar\u00e1 los datos de forma confidencial y exclusivamente con la finalidad de ofrecer los servicios solicitados, con todas las garant\u00edas legales y de seguridad que impone la&nbsp;<a href=\"http:\/\/app.vlex.com\/#\/vid\/127398\">Ley&nbsp;Org\u00e1nica&nbsp;15\/1999<\/a>, de 13 de diciembre, Protecci\u00f3n de Datos de Car\u00e1cter Personal y la&nbsp;<a href=\"http:\/\/app.vlex.com\/#\/vid\/172670\">Ley&nbsp;34\/2002<\/a>, de 11 de julio, de servicios de la sociedad de la Informaci\u00f3n y Comercio Electr\u00f3nico.<\/p>\n\n\n\n<p>ASSESSORIA BOR\u00c9N SLU se compromete a no ceder, vender, ni compartir los datos con terceros sin su aprobaci\u00f3n expresa. Asimismo, ASSESSORIA BOR\u00c9N SLU cancelar\u00e1 o rectificar\u00e1 los datos cuando resulten inexactos, incompletos o hayan dejado de ser necesarios o pertinentes para su finalidad, de conformidad con lo previsto en la&nbsp;<a href=\"http:\/\/app.vlex.com\/#\/vid\/127398\">Ley&nbsp;Org\u00e1nica&nbsp;15\/1999<\/a>, de 13 de diciembre, de Protecci\u00f3n de Datos de Car\u00e1cter Personal.<\/p>\n\n\n\n<p>El usuario podr\u00e1 revocar el consentimiento prestado y ejercer los derechos de acceso, rectificaci\u00f3n, cancelaci\u00f3n y oposici\u00f3n dirigi\u00e9ndose a tal efecto a la direcci\u00f3n social del Consejo, identific\u00e1ndose debidamente e indicando de forma visible el concreto derecho que se ejerce.<\/p>\n\n\n\n<p>ASSESSORIA BOR\u00c9N SLU adopta los niveles de seguridad correspondientes requeridos por la citada&nbsp;<a href=\"http:\/\/app.vlex.com\/#\/vid\/127398\">Ley&nbsp;Org\u00e1nica&nbsp;15\/1999<\/a>&nbsp;y dem\u00e1s normativa aplicable. No obstante, ASSESSORIA BOR\u00c9N SLU no asume ninguna responsabilidad por los da\u00f1os y perjuicios derivados de alteraciones que terceros pueden causar en los sistemas inform\u00e1ticos, documentos electr\u00f3nicos o ficheros del usuario.<\/p>\n\n\n\n<p>ASSESSORIA BOR\u00c9N SLU podr\u00e1 utilizar cookies durante la prestaci\u00f3n de servicios del sitio web. Las cookies son ficheros f\u00edsicos de informaci\u00f3n personal alojados en el propio terminal del usuario. El usuario tiene la posibilidad de configurar su programa navegador de manera que se impida la creaci\u00f3n de archivos cookie o se advierta de la misma.<\/p>\n\n\n\n<p>Si opta a abandonar nuestro sitio web a trav\u00e9s de enlaces a sitios web no pertenecientes a nuestra entidad, ASSESSORIA BOR\u00c9N SLU no se har\u00e1 responsable de las pol\u00edticas de privacidad de dichos sitios web ni de las cookies que \u00e9stos puedan almacenar en el ordenador del usuario.<\/p>\n\n\n\n<ol class=\"wp-block-list\" start=\"5\"><li><strong>Procedimiento en caso de realizaci\u00f3n de actividades de car\u00e1cter il\u00edcito<\/strong><\/li><\/ol>\n\n\n\n<p>En el caso de que cualquier usuario o un tercero considere que existen hechos o circunstancias que revelen el car\u00e1cter il\u00edcito de la utilizaci\u00f3n de cualquier contenido y\/o de la realizaci\u00f3n de cualquier actividad en las p\u00e1ginas web incluidas o accesibles a trav\u00e9s del sitio web, deber\u00e1 enviar una notificaci\u00f3n a ASSESSORIA BOR\u00c9N SLU identific\u00e1ndose debidamente, especificando las supuestas infracciones y declarando expresamente y bajo su responsabilidad que la informaci\u00f3n proporcionada en la notificaci\u00f3n es exacta.<\/p>\n\n\n\n<p>Para toda cuesti\u00f3n litigiosa que incumba al sitio web de ASSESSORIA BOR\u00c9N SLU ser\u00e1 de aplicaci\u00f3n la legislaci\u00f3n espa\u00f1ola, siendo competentes los Juzgados y Tribunales de Barcelona (Espa\u00f1a).<\/p>\n\n\n\n<ol class=\"wp-block-list\" start=\"6\"><li><strong>Publicaciones<\/strong><\/li><\/ol>\n\n\n\n<p>La informaci\u00f3n administrativa facilitada a trav\u00e9s del sitio web no sustituye la publicidad legal de las leyes, normativas, planes, disposiciones generales y actos que tengan que ser publicados formalmente a los diarios oficiales de las administraciones p\u00fablicas, que constituyen el \u00fanico instrumento que da fe de su autenticidad y contenido. La informaci\u00f3n disponible en este sitio web debe entenderse como una gu\u00eda sin prop\u00f3sito de validez legal.<\/p>\n\n\n\n<ol class=\"wp-block-list\" start=\"7\"><li><strong>Notificaciones<\/strong><\/li><\/ol>\n\n\n\n<p>Todas las notificaciones y comunicaciones entre los usuarios y ASSESSORIA BOR\u00c9N SLU se considerar\u00e1n eficaces, a todos los efectos, cuando se realicen a trav\u00e9s de correo postal, correo electr\u00f3nico o comunicaci\u00f3n telef\u00f3nica. Los usuarios deber\u00e1n dirigirse a ASSESSORIA BOR\u00c9N SLU mediante:<\/p>\n\n\n\n<ol class=\"wp-block-list\"><li><em>a)<\/em>&nbsp;Env\u00edo por correo postal a la siguiente direcci\u00f3n: C\/ Fulton, 20 Local&nbsp;&nbsp; 08031 Barcelona<\/li><li><em>b)<\/em>&nbsp;Comunicaci\u00f3n por medio de una llamada telef\u00f3nica al n\u00famero de tel\u00e9fono: 934295969<\/li><li><em>c)<\/em>&nbsp;Env\u00edo por correo electr\u00f3nico a la siguiente direcci\u00f3n: boren@assessoriabcom<\/li><\/ol>\n","protected":false},"excerpt":{"rendered":"<p>1. Objeto y aceptaci\u00f3n.2. Condiciones de acceso y utilizaci\u00f3n.3. Exclusi\u00f3n de garant\u00edas y de responsabilidad.4. Pol\u00edtica de privacidad.5. Procedimiento en caso de realizaci\u00f3n de actividades de car\u00e1cter il\u00edcito.6. Publicaciones.7. Notificaciones. Objeto y aceptaci\u00f3n El presente aviso legal regula el uso de este sitio web, que pone a su disposici\u00f3n ASSESSORIA BOR\u00c9N SLU: C\/ Fulton, 20 &#8230; <a title=\"Aviso legal y pol\u00edtica de privacidad\" class=\"read-more\" href=\"https:\/\/assessoriaboren.com\/es\/politica-de-privacidad\/\" aria-label=\"Leer m\u00e1s sobre Aviso legal y pol\u00edtica de privacidad\">Leer m\u00e1s<\/a><\/p>\n","protected":false},"author":1,"featured_media":0,"parent":0,"menu_order":0,"comment_status":"closed","ping_status":"closed","template":"","meta":{"footnotes":""},"class_list":["post-1288","page","type-page","status-publish"],"yoast_head":"<!-- This site is optimized with the Yoast SEO plugin v27.4 - https:\/\/yoast.com\/product\/yoast-seo-wordpress\/ -->\n<title>Aviso legal y pol\u00edtica de privacidad - Assessoria Bor\u00e9n<\/title>\n<meta name=\"robots\" content=\"index, follow, max-snippet:-1, max-image-preview:large, max-video-preview:-1\" \/>\n<link rel=\"canonical\" href=\"https:\/\/assessoriaboren.com\/es\/politica-de-privacidad\/\" \/>\n<meta property=\"og:locale\" content=\"es_ES\" \/>\n<meta property=\"og:type\" content=\"article\" \/>\n<meta property=\"og:title\" content=\"Aviso legal y pol\u00edtica de privacidad - Assessoria Bor\u00e9n\" \/>\n<meta property=\"og:description\" content=\"1. Objeto y aceptaci\u00f3n.2. Condiciones de acceso y utilizaci\u00f3n.3. Exclusi\u00f3n de garant\u00edas y de responsabilidad.4. Pol\u00edtica de privacidad.5. Procedimiento en caso de realizaci\u00f3n de actividades de car\u00e1cter il\u00edcito.6. Publicaciones.7. Notificaciones. Objeto y aceptaci\u00f3n El presente aviso legal regula el uso de este sitio web, que pone a su disposici\u00f3n ASSESSORIA BOR\u00c9N SLU: C\/ Fulton, 20 ... Leer m\u00e1s\" \/>\n<meta property=\"og:url\" content=\"https:\/\/assessoriaboren.com\/es\/politica-de-privacidad\/\" \/>\n<meta property=\"og:site_name\" content=\"Assessoria Bor\u00e9n\" \/>\n<meta property=\"article:modified_time\" content=\"2022-04-26T11:00:50+00:00\" \/>\n<meta name=\"twitter:card\" content=\"summary_large_image\" \/>\n<meta name=\"twitter:label1\" content=\"Tiempo de lectura\" \/>\n\t<meta name=\"twitter:data1\" content=\"9 minutos\" \/>\n<script type=\"application\/ld+json\" class=\"yoast-schema-graph\">{\"@context\":\"https:\\\/\\\/schema.org\",\"@graph\":[{\"@type\":\"WebPage\",\"@id\":\"https:\\\/\\\/assessoriaboren.com\\\/es\\\/politica-de-privacidad\\\/\",\"url\":\"https:\\\/\\\/assessoriaboren.com\\\/es\\\/politica-de-privacidad\\\/\",\"name\":\"Aviso legal y pol\u00edtica de privacidad - Assessoria Bor\u00e9n\",\"isPartOf\":{\"@id\":\"https:\\\/\\\/assessoriaboren.com\\\/es\\\/#website\"},\"datePublished\":\"2022-01-07T11:27:47+00:00\",\"dateModified\":\"2022-04-26T11:00:50+00:00\",\"breadcrumb\":{\"@id\":\"https:\\\/\\\/assessoriaboren.com\\\/es\\\/politica-de-privacidad\\\/#breadcrumb\"},\"inLanguage\":\"es\",\"potentialAction\":[{\"@type\":\"ReadAction\",\"target\":[\"https:\\\/\\\/assessoriaboren.com\\\/es\\\/politica-de-privacidad\\\/\"]}]},{\"@type\":\"BreadcrumbList\",\"@id\":\"https:\\\/\\\/assessoriaboren.com\\\/es\\\/politica-de-privacidad\\\/#breadcrumb\",\"itemListElement\":[{\"@type\":\"ListItem\",\"position\":1,\"name\":\"Portada\",\"item\":\"https:\\\/\\\/assessoriaboren.com\\\/es\\\/\"},{\"@type\":\"ListItem\",\"position\":2,\"name\":\"Aviso legal y pol\u00edtica de privacidad\"}]},{\"@type\":\"WebSite\",\"@id\":\"https:\\\/\\\/assessoriaboren.com\\\/es\\\/#website\",\"url\":\"https:\\\/\\\/assessoriaboren.com\\\/es\\\/\",\"name\":\"Assessoria Bor\u00e9n\",\"description\":\"Servicios profesionales inmobiliarios de administraci\u00f3n de fincas y alquileres\",\"publisher\":{\"@id\":\"https:\\\/\\\/assessoriaboren.com\\\/es\\\/#organization\"},\"potentialAction\":[{\"@type\":\"SearchAction\",\"target\":{\"@type\":\"EntryPoint\",\"urlTemplate\":\"https:\\\/\\\/assessoriaboren.com\\\/es\\\/?s={search_term_string}\"},\"query-input\":{\"@type\":\"PropertyValueSpecification\",\"valueRequired\":true,\"valueName\":\"search_term_string\"}}],\"inLanguage\":\"es\"},{\"@type\":\"Organization\",\"@id\":\"https:\\\/\\\/assessoriaboren.com\\\/es\\\/#organization\",\"name\":\"Assesor\u00eda Bor\u00e9n\",\"url\":\"https:\\\/\\\/assessoriaboren.com\\\/es\\\/\",\"logo\":{\"@type\":\"ImageObject\",\"inLanguage\":\"es\",\"@id\":\"https:\\\/\\\/assessoriaboren.com\\\/es\\\/#\\\/schema\\\/logo\\\/image\\\/\",\"url\":\"https:\\\/\\\/assessoriaboren.com\\\/wp-content\\\/uploads\\\/2022\\\/02\\\/logo-boren1.jpg\",\"contentUrl\":\"https:\\\/\\\/assessoriaboren.com\\\/wp-content\\\/uploads\\\/2022\\\/02\\\/logo-boren1.jpg\",\"width\":300,\"height\":97,\"caption\":\"Assesor\u00eda Bor\u00e9n\"},\"image\":{\"@id\":\"https:\\\/\\\/assessoriaboren.com\\\/es\\\/#\\\/schema\\\/logo\\\/image\\\/\"}}]}<\/script>\n<!-- \/ Yoast SEO plugin. -->","yoast_head_json":{"title":"Aviso legal y pol\u00edtica de privacidad - Assessoria Bor\u00e9n","robots":{"index":"index","follow":"follow","max-snippet":"max-snippet:-1","max-image-preview":"max-image-preview:large","max-video-preview":"max-video-preview:-1"},"canonical":"https:\/\/assessoriaboren.com\/es\/politica-de-privacidad\/","og_locale":"es_ES","og_type":"article","og_title":"Aviso legal y pol\u00edtica de privacidad - Assessoria Bor\u00e9n","og_description":"1. Objeto y aceptaci\u00f3n.2. Condiciones de acceso y utilizaci\u00f3n.3. Exclusi\u00f3n de garant\u00edas y de responsabilidad.4. Pol\u00edtica de privacidad.5. Procedimiento en caso de realizaci\u00f3n de actividades de car\u00e1cter il\u00edcito.6. Publicaciones.7. Notificaciones. Objeto y aceptaci\u00f3n El presente aviso legal regula el uso de este sitio web, que pone a su disposici\u00f3n ASSESSORIA BOR\u00c9N SLU: C\/ Fulton, 20 ... Leer m\u00e1s","og_url":"https:\/\/assessoriaboren.com\/es\/politica-de-privacidad\/","og_site_name":"Assessoria Bor\u00e9n","article_modified_time":"2022-04-26T11:00:50+00:00","twitter_card":"summary_large_image","twitter_misc":{"Tiempo de lectura":"9 minutos"},"schema":{"@context":"https:\/\/schema.org","@graph":[{"@type":"WebPage","@id":"https:\/\/assessoriaboren.com\/es\/politica-de-privacidad\/","url":"https:\/\/assessoriaboren.com\/es\/politica-de-privacidad\/","name":"Aviso legal y pol\u00edtica de privacidad - Assessoria Bor\u00e9n","isPartOf":{"@id":"https:\/\/assessoriaboren.com\/es\/#website"},"datePublished":"2022-01-07T11:27:47+00:00","dateModified":"2022-04-26T11:00:50+00:00","breadcrumb":{"@id":"https:\/\/assessoriaboren.com\/es\/politica-de-privacidad\/#breadcrumb"},"inLanguage":"es","potentialAction":[{"@type":"ReadAction","target":["https:\/\/assessoriaboren.com\/es\/politica-de-privacidad\/"]}]},{"@type":"BreadcrumbList","@id":"https:\/\/assessoriaboren.com\/es\/politica-de-privacidad\/#breadcrumb","itemListElement":[{"@type":"ListItem","position":1,"name":"Portada","item":"https:\/\/assessoriaboren.com\/es\/"},{"@type":"ListItem","position":2,"name":"Aviso legal y pol\u00edtica de privacidad"}]},{"@type":"WebSite","@id":"https:\/\/assessoriaboren.com\/es\/#website","url":"https:\/\/assessoriaboren.com\/es\/","name":"Assessoria Bor\u00e9n","description":"Servicios profesionales inmobiliarios de administraci\u00f3n de fincas y alquileres","publisher":{"@id":"https:\/\/assessoriaboren.com\/es\/#organization"},"potentialAction":[{"@type":"SearchAction","target":{"@type":"EntryPoint","urlTemplate":"https:\/\/assessoriaboren.com\/es\/?s={search_term_string}"},"query-input":{"@type":"PropertyValueSpecification","valueRequired":true,"valueName":"search_term_string"}}],"inLanguage":"es"},{"@type":"Organization","@id":"https:\/\/assessoriaboren.com\/es\/#organization","name":"Assesor\u00eda Bor\u00e9n","url":"https:\/\/assessoriaboren.com\/es\/","logo":{"@type":"ImageObject","inLanguage":"es","@id":"https:\/\/assessoriaboren.com\/es\/#\/schema\/logo\/image\/","url":"https:\/\/assessoriaboren.com\/wp-content\/uploads\/2022\/02\/logo-boren1.jpg","contentUrl":"https:\/\/assessoriaboren.com\/wp-content\/uploads\/2022\/02\/logo-boren1.jpg","width":300,"height":97,"caption":"Assesor\u00eda Bor\u00e9n"},"image":{"@id":"https:\/\/assessoriaboren.com\/es\/#\/schema\/logo\/image\/"}}]}},"_links":{"self":[{"href":"https:\/\/assessoriaboren.com\/es\/wp-json\/wp\/v2\/pages\/1288","targetHints":{"allow":["GET"]}}],"collection":[{"href":"https:\/\/assessoriaboren.com\/es\/wp-json\/wp\/v2\/pages"}],"about":[{"href":"https:\/\/assessoriaboren.com\/es\/wp-json\/wp\/v2\/types\/page"}],"author":[{"embeddable":true,"href":"https:\/\/assessoriaboren.com\/es\/wp-json\/wp\/v2\/users\/1"}],"replies":[{"embeddable":true,"href":"https:\/\/assessoriaboren.com\/es\/wp-json\/wp\/v2\/comments?post=1288"}],"version-history":[{"count":1,"href":"https:\/\/assessoriaboren.com\/es\/wp-json\/wp\/v2\/pages\/1288\/revisions"}],"predecessor-version":[{"id":1289,"href":"https:\/\/assessoriaboren.com\/es\/wp-json\/wp\/v2\/pages\/1288\/revisions\/1289"}],"wp:attachment":[{"href":"https:\/\/assessoriaboren.com\/es\/wp-json\/wp\/v2\/media?parent=1288"}],"curies":[{"name":"wp","href":"https:\/\/api.w.org\/{rel}","templated":true}]}}