{"id":1215,"date":"2022-03-07T12:37:07","date_gmt":"2022-03-07T12:37:07","guid":{"rendered":"https:\/\/assessoriaboren.com\/serveis-integrals-de-neteja-i-manteniment\/"},"modified":"2022-04-21T08:29:00","modified_gmt":"2022-04-21T08:29:00","slug":"servicios-integrales-de-limpieza-y-mantenimiento","status":"publish","type":"page","link":"https:\/\/assessoriaboren.com\/es\/servicios-integrales-de-limpieza-y-mantenimiento\/","title":{"rendered":"Servicios Integrales de Limpieza y Mantenimiento"},"content":{"rendered":"\t\t<div data-elementor-type=\"wp-page\" data-elementor-id=\"1215\" class=\"elementor elementor-1215\" data-elementor-post-type=\"page\">\n\t\t\t\t\t\t<section class=\"elementor-section elementor-top-section elementor-element elementor-element-744624e2 elementor-section-boxed elementor-section-height-default elementor-section-height-default\" data-id=\"744624e2\" data-element_type=\"section\" data-e-type=\"section\" data-settings=\"{&quot;background_background&quot;:&quot;classic&quot;}\">\n\t\t\t\t\t\t\t<div class=\"elementor-background-overlay\"><\/div>\n\t\t\t\t\t\t\t<div class=\"elementor-container elementor-column-gap-default\">\n\t\t\t\t\t<div class=\"elementor-column elementor-col-100 elementor-top-column elementor-element elementor-element-7f46b5e9\" data-id=\"7f46b5e9\" data-element_type=\"column\" data-e-type=\"column\">\n\t\t\t<div class=\"elementor-widget-wrap elementor-element-populated\">\n\t\t\t\t\t\t<div class=\"elementor-element elementor-element-35c51eae elementor-icon-list--layout-inline elementor-align-center elementor-list-item-link-full_width elementor-invisible elementor-widget elementor-widget-icon-list\" data-id=\"35c51eae\" data-element_type=\"widget\" data-e-type=\"widget\" data-settings=\"{&quot;_animation&quot;:&quot;fadeInUp&quot;}\" data-widget_type=\"icon-list.default\">\n\t\t\t\t<div class=\"elementor-widget-container\">\n\t\t\t\t\t\t\t<ul class=\"elementor-icon-list-items elementor-inline-items\">\n\t\t\t\t\t\t\t<li class=\"elementor-icon-list-item elementor-inline-item\">\n\t\t\t\t\t\t\t\t\t\t\t<a href=\"https:\/\/assessoriaboren.com\/es\/\">\n\n\t\t\t\t\t\t\t\t\t\t\t<span class=\"elementor-icon-list-text\">Inicio<\/span>\n\t\t\t\t\t\t\t\t\t\t\t<\/a>\n\t\t\t\t\t\t\t\t\t<\/li>\n\t\t\t\t\t\t\t\t<li class=\"elementor-icon-list-item elementor-inline-item\">\n\t\t\t\t\t\t\t\t\t\t<span class=\"elementor-icon-list-text\"><\/span>\n\t\t\t\t\t\t\t\t\t<\/li>\n\t\t\t\t\t\t<\/ul>\n\t\t\t\t\t\t<\/div>\n\t\t\t\t<\/div>\n\t\t\t\t\t<\/div>\n\t\t<\/div>\n\t\t\t\t\t<\/div>\n\t\t<\/section>\n\t\t\t\t<section class=\"elementor-section elementor-top-section elementor-element elementor-element-63f40e2e elementor-section-boxed elementor-section-height-default elementor-section-height-default\" data-id=\"63f40e2e\" data-element_type=\"section\" data-e-type=\"section\">\n\t\t\t\t\t\t<div class=\"elementor-container elementor-column-gap-default\">\n\t\t\t\t\t<div class=\"elementor-column elementor-col-50 elementor-top-column elementor-element elementor-element-6fdfd0d\" data-id=\"6fdfd0d\" data-element_type=\"column\" data-e-type=\"column\">\n\t\t\t<div class=\"elementor-widget-wrap elementor-element-populated\">\n\t\t\t\t\t\t<div class=\"elementor-element elementor-element-65fe2b09 elementor-widget__width-initial elementor-absolute elementor-invisible elementor-widget elementor-widget-spacer\" data-id=\"65fe2b09\" data-element_type=\"widget\" data-e-type=\"widget\" data-settings=\"{&quot;_position&quot;:&quot;absolute&quot;,&quot;_animation&quot;:&quot;fadeInDown&quot;}\" data-widget_type=\"spacer.default\">\n\t\t\t\t<div class=\"elementor-widget-container\">\n\t\t\t\t\t\t\t<div class=\"elementor-spacer\">\n\t\t\t<div class=\"elementor-spacer-inner\"><\/div>\n\t\t<\/div>\n\t\t\t\t\t\t<\/div>\n\t\t\t\t<\/div>\n\t\t\t\t<div class=\"elementor-element elementor-element-6f9ea053 elementor-widget__width-initial elementor-absolute elementor-widget-mobile__width-initial elementor-invisible elementor-widget elementor-widget-spacer\" data-id=\"6f9ea053\" data-element_type=\"widget\" data-e-type=\"widget\" data-settings=\"{&quot;_position&quot;:&quot;absolute&quot;,&quot;_animation&quot;:&quot;fadeInUp&quot;}\" data-widget_type=\"spacer.default\">\n\t\t\t\t<div class=\"elementor-widget-container\">\n\t\t\t\t\t\t\t<div class=\"elementor-spacer\">\n\t\t\t<div class=\"elementor-spacer-inner\"><\/div>\n\t\t<\/div>\n\t\t\t\t\t\t<\/div>\n\t\t\t\t<\/div>\n\t\t\t\t<div class=\"elementor-element elementor-element-186b10af elementor-invisible elementor-widget elementor-widget-image\" data-id=\"186b10af\" data-element_type=\"widget\" data-e-type=\"widget\" data-settings=\"{&quot;_animation&quot;:&quot;zoomIn&quot;}\" data-widget_type=\"image.default\">\n\t\t\t\t<div class=\"elementor-widget-container\">\n\t\t\t\t\t\t\t\t\t\t\t\t\t\t\t<img fetchpriority=\"high\" decoding=\"async\" width=\"700\" height=\"530\" src=\"https:\/\/assessoriaboren.com\/wp-content\/uploads\/2022\/03\/servei-de-neteja.png\" class=\"attachment-full size-full wp-image-743\" alt=\"\" srcset=\"https:\/\/assessoriaboren.com\/wp-content\/uploads\/2022\/03\/servei-de-neteja.png 700w, https:\/\/assessoriaboren.com\/wp-content\/uploads\/2022\/03\/servei-de-neteja-300x227.png 300w\" sizes=\"(max-width: 700px) 100vw, 700px\" \/>\t\t\t\t\t\t\t\t\t\t\t\t\t\t\t<\/div>\n\t\t\t\t<\/div>\n\t\t\t\t\t<\/div>\n\t\t<\/div>\n\t\t\t\t<div class=\"elementor-column elementor-col-50 elementor-top-column elementor-element elementor-element-63c79f50\" data-id=\"63c79f50\" data-element_type=\"column\" data-e-type=\"column\">\n\t\t\t<div class=\"elementor-widget-wrap elementor-element-populated\">\n\t\t\t\t\t\t<section class=\"elementor-section elementor-inner-section elementor-element elementor-element-1f396848 elementor-section-boxed elementor-section-height-default elementor-section-height-default\" data-id=\"1f396848\" data-element_type=\"section\" data-e-type=\"section\">\n\t\t\t\t\t\t<div class=\"elementor-container elementor-column-gap-default\">\n\t\t\t\t\t<div class=\"elementor-column elementor-col-100 elementor-inner-column elementor-element elementor-element-560a50cb\" data-id=\"560a50cb\" data-element_type=\"column\" data-e-type=\"column\">\n\t\t\t<div class=\"elementor-widget-wrap elementor-element-populated\">\n\t\t\t\t\t\t<div class=\"elementor-element elementor-element-6045ac44 elementor-invisible elementor-widget elementor-widget-text-editor\" data-id=\"6045ac44\" data-element_type=\"widget\" data-e-type=\"widget\" data-settings=\"{&quot;_animation&quot;:&quot;fadeInUp&quot;}\" data-widget_type=\"text-editor.default\">\n\t\t\t\t<div class=\"elementor-widget-container\">\n\t\t\t\t\t\t\t\t\t<p><b>El mantenimiento sanitario e higi\u00e9nico de las fincas<\/b><span style=\"font-weight: 400;\"> y de los inmuebles conserva mejor y por m\u00e1s a\u00f1os la propiedad<\/span><\/p><p><span style=\"font-weight: 400;\">Desde la empresa <\/span><b>SICH (Serveis Integrals Comunitaris Horta, S.l.)<\/b><span style=\"font-weight: 400;\"> nos encargamos de enviar brigadas de limpieza all\u00ed donde hay que acudir con m\u00e1s diligencia.<\/span><\/p><p><span style=\"font-weight: 400;\">Gestionamos directamente el mantenimiento y la limpieza de comunidades de vecinos, parkings, zonas ajardinadas, oficinas, etc.<\/span><\/p><p><span style=\"font-weight: 400;\">Aportamos soluciones de limpieza que usan de manera adecuada los productos qu\u00edmicos,\u00a0 consiguiendo as\u00ed una limpieza impecable y un alto grado de higiene.<\/span><\/p><p><span style=\"font-weight: 400;\">Porque en los tiempos que corren, m\u00e1s que nunca, el mantenimiento sanitario tiene que ser una prioridad para las Comunidades de Vecinos.<\/span><\/p><p class=\"p1\"><span style=\"font-size: inherit; font-family: -apple-system, system-ui, BlinkMacSystemFont, 'Segoe UI', Helvetica, Arial, sans-serif, 'Apple Color Emoji', 'Segoe UI Emoji', 'Segoe UI Symbol';\">C\/ Coimbra, 26. Barcelona. 08032. T. 93 429 59 69<\/span><\/p><p><a href=\"mailto:infosichsl@gmail.com\">infosichsl@gmail.com<\/a><\/p>\t\t\t\t\t\t\t\t<\/div>\n\t\t\t\t<\/div>\n\t\t\t\t\t<\/div>\n\t\t<\/div>\n\t\t\t\t\t<\/div>\n\t\t<\/section>\n\t\t\t\t\t<\/div>\n\t\t<\/div>\n\t\t\t\t\t<\/div>\n\t\t<\/section>\n\t\t\t\t<\/div>\n\t\t","protected":false},"excerpt":{"rendered":"<p>Inicio El mantenimiento sanitario e higi\u00e9nico de las fincas y de los inmuebles conserva mejor y por m\u00e1s a\u00f1os la propiedad Desde la empresa SICH (Serveis Integrals Comunitaris Horta, S.l.) nos encargamos de enviar brigadas de limpieza all\u00ed donde hay que acudir con m\u00e1s diligencia. Gestionamos directamente el mantenimiento y la limpieza de comunidades de &#8230; <a title=\"Servicios Integrales de Limpieza y Mantenimiento\" class=\"read-more\" href=\"https:\/\/assessoriaboren.com\/es\/servicios-integrales-de-limpieza-y-mantenimiento\/\" aria-label=\"Leer m\u00e1s sobre Servicios Integrales de Limpieza y Mantenimiento\">Leer m\u00e1s<\/a><\/p>\n","protected":false},"author":1,"featured_media":0,"parent":0,"menu_order":0,"comment_status":"closed","ping_status":"closed","template":"elementor_header_footer","meta":{"footnotes":""},"class_list":["post-1215","page","type-page","status-publish"],"yoast_head":"<!-- This site is optimized with the Yoast SEO plugin v27.4 - https:\/\/yoast.com\/product\/yoast-seo-wordpress\/ -->\n<title>Servicios Integrales de Limpieza y Mantenimiento - Assessoria Bor\u00e9n<\/title>\n<meta name=\"description\" content=\"Gestionen directament el manteniment i la neteja de comunitats de ve\u00efns, p\u00e0rquings, zones enjardinades, oficines, etc.\" \/>\n<meta name=\"robots\" content=\"index, follow, max-snippet:-1, max-image-preview:large, max-video-preview:-1\" \/>\n<link rel=\"canonical\" href=\"https:\/\/assessoriaboren.com\/es\/servicios-integrales-de-limpieza-y-mantenimiento\/\" \/>\n<meta property=\"og:locale\" content=\"es_ES\" \/>\n<meta property=\"og:type\" content=\"article\" \/>\n<meta property=\"og:title\" content=\"Servicios Integrales de Limpieza y Mantenimiento - Assessoria Bor\u00e9n\" \/>\n<meta property=\"og:description\" content=\"Gestionen directament el manteniment i la neteja de comunitats de ve\u00efns, p\u00e0rquings, zones enjardinades, oficines, etc.\" \/>\n<meta property=\"og:url\" content=\"https:\/\/assessoriaboren.com\/es\/servicios-integrales-de-limpieza-y-mantenimiento\/\" \/>\n<meta property=\"og:site_name\" content=\"Assessoria Bor\u00e9n\" \/>\n<meta property=\"article:modified_time\" content=\"2022-04-21T08:29:00+00:00\" \/>\n<meta property=\"og:image\" content=\"https:\/\/assessoriaboren.com\/wp-content\/uploads\/2022\/03\/servei-de-neteja.png\" \/>\n<meta name=\"twitter:card\" content=\"summary_large_image\" \/>\n<meta name=\"twitter:label1\" content=\"Tiempo de lectura\" \/>\n\t<meta name=\"twitter:data1\" content=\"1 minuto\" \/>\n<script type=\"application\/ld+json\" class=\"yoast-schema-graph\">{\"@context\":\"https:\\\/\\\/schema.org\",\"@graph\":[{\"@type\":\"WebPage\",\"@id\":\"https:\\\/\\\/assessoriaboren.com\\\/es\\\/servicios-integrales-de-limpieza-y-mantenimiento\\\/\",\"url\":\"https:\\\/\\\/assessoriaboren.com\\\/es\\\/servicios-integrales-de-limpieza-y-mantenimiento\\\/\",\"name\":\"Servicios Integrales de Limpieza y Mantenimiento - Assessoria Bor\u00e9n\",\"isPartOf\":{\"@id\":\"https:\\\/\\\/assessoriaboren.com\\\/es\\\/#website\"},\"primaryImageOfPage\":{\"@id\":\"https:\\\/\\\/assessoriaboren.com\\\/es\\\/servicios-integrales-de-limpieza-y-mantenimiento\\\/#primaryimage\"},\"image\":{\"@id\":\"https:\\\/\\\/assessoriaboren.com\\\/es\\\/servicios-integrales-de-limpieza-y-mantenimiento\\\/#primaryimage\"},\"thumbnailUrl\":\"https:\\\/\\\/assessoriaboren.com\\\/wp-content\\\/uploads\\\/2022\\\/03\\\/servei-de-neteja.png\",\"datePublished\":\"2022-03-07T12:37:07+00:00\",\"dateModified\":\"2022-04-21T08:29:00+00:00\",\"description\":\"Gestionen directament el manteniment i la neteja de comunitats de ve\u00efns, p\u00e0rquings, zones enjardinades, oficines, etc.\",\"breadcrumb\":{\"@id\":\"https:\\\/\\\/assessoriaboren.com\\\/es\\\/servicios-integrales-de-limpieza-y-mantenimiento\\\/#breadcrumb\"},\"inLanguage\":\"es\",\"potentialAction\":[{\"@type\":\"ReadAction\",\"target\":[\"https:\\\/\\\/assessoriaboren.com\\\/es\\\/servicios-integrales-de-limpieza-y-mantenimiento\\\/\"]}]},{\"@type\":\"ImageObject\",\"inLanguage\":\"es\",\"@id\":\"https:\\\/\\\/assessoriaboren.com\\\/es\\\/servicios-integrales-de-limpieza-y-mantenimiento\\\/#primaryimage\",\"url\":\"https:\\\/\\\/assessoriaboren.com\\\/wp-content\\\/uploads\\\/2022\\\/03\\\/servei-de-neteja.png\",\"contentUrl\":\"https:\\\/\\\/assessoriaboren.com\\\/wp-content\\\/uploads\\\/2022\\\/03\\\/servei-de-neteja.png\"},{\"@type\":\"BreadcrumbList\",\"@id\":\"https:\\\/\\\/assessoriaboren.com\\\/es\\\/servicios-integrales-de-limpieza-y-mantenimiento\\\/#breadcrumb\",\"itemListElement\":[{\"@type\":\"ListItem\",\"position\":1,\"name\":\"Portada\",\"item\":\"https:\\\/\\\/assessoriaboren.com\\\/es\\\/\"},{\"@type\":\"ListItem\",\"position\":2,\"name\":\"Servicios Integrales de Limpieza y Mantenimiento\"}]},{\"@type\":\"WebSite\",\"@id\":\"https:\\\/\\\/assessoriaboren.com\\\/es\\\/#website\",\"url\":\"https:\\\/\\\/assessoriaboren.com\\\/es\\\/\",\"name\":\"Assessoria Bor\u00e9n\",\"description\":\"Servicios profesionales inmobiliarios de administraci\u00f3n de fincas y alquileres\",\"publisher\":{\"@id\":\"https:\\\/\\\/assessoriaboren.com\\\/es\\\/#organization\"},\"potentialAction\":[{\"@type\":\"SearchAction\",\"target\":{\"@type\":\"EntryPoint\",\"urlTemplate\":\"https:\\\/\\\/assessoriaboren.com\\\/es\\\/?s={search_term_string}\"},\"query-input\":{\"@type\":\"PropertyValueSpecification\",\"valueRequired\":true,\"valueName\":\"search_term_string\"}}],\"inLanguage\":\"es\"},{\"@type\":\"Organization\",\"@id\":\"https:\\\/\\\/assessoriaboren.com\\\/es\\\/#organization\",\"name\":\"Assesor\u00eda Bor\u00e9n\",\"url\":\"https:\\\/\\\/assessoriaboren.com\\\/es\\\/\",\"logo\":{\"@type\":\"ImageObject\",\"inLanguage\":\"es\",\"@id\":\"https:\\\/\\\/assessoriaboren.com\\\/es\\\/#\\\/schema\\\/logo\\\/image\\\/\",\"url\":\"https:\\\/\\\/assessoriaboren.com\\\/wp-content\\\/uploads\\\/2022\\\/02\\\/logo-boren1.jpg\",\"contentUrl\":\"https:\\\/\\\/assessoriaboren.com\\\/wp-content\\\/uploads\\\/2022\\\/02\\\/logo-boren1.jpg\",\"width\":300,\"height\":97,\"caption\":\"Assesor\u00eda Bor\u00e9n\"},\"image\":{\"@id\":\"https:\\\/\\\/assessoriaboren.com\\\/es\\\/#\\\/schema\\\/logo\\\/image\\\/\"}}]}<\/script>\n<!-- \/ Yoast SEO plugin. -->","yoast_head_json":{"title":"Servicios Integrales de Limpieza y Mantenimiento - Assessoria Bor\u00e9n","description":"Gestionen directament el manteniment i la neteja de comunitats de ve\u00efns, p\u00e0rquings, zones enjardinades, oficines, etc.","robots":{"index":"index","follow":"follow","max-snippet":"max-snippet:-1","max-image-preview":"max-image-preview:large","max-video-preview":"max-video-preview:-1"},"canonical":"https:\/\/assessoriaboren.com\/es\/servicios-integrales-de-limpieza-y-mantenimiento\/","og_locale":"es_ES","og_type":"article","og_title":"Servicios Integrales de Limpieza y Mantenimiento - Assessoria Bor\u00e9n","og_description":"Gestionen directament el manteniment i la neteja de comunitats de ve\u00efns, p\u00e0rquings, zones enjardinades, oficines, etc.","og_url":"https:\/\/assessoriaboren.com\/es\/servicios-integrales-de-limpieza-y-mantenimiento\/","og_site_name":"Assessoria Bor\u00e9n","article_modified_time":"2022-04-21T08:29:00+00:00","og_image":[{"url":"https:\/\/assessoriaboren.com\/wp-content\/uploads\/2022\/03\/servei-de-neteja.png","type":"","width":"","height":""}],"twitter_card":"summary_large_image","twitter_misc":{"Tiempo de lectura":"1 minuto"},"schema":{"@context":"https:\/\/schema.org","@graph":[{"@type":"WebPage","@id":"https:\/\/assessoriaboren.com\/es\/servicios-integrales-de-limpieza-y-mantenimiento\/","url":"https:\/\/assessoriaboren.com\/es\/servicios-integrales-de-limpieza-y-mantenimiento\/","name":"Servicios Integrales de Limpieza y Mantenimiento - Assessoria Bor\u00e9n","isPartOf":{"@id":"https:\/\/assessoriaboren.com\/es\/#website"},"primaryImageOfPage":{"@id":"https:\/\/assessoriaboren.com\/es\/servicios-integrales-de-limpieza-y-mantenimiento\/#primaryimage"},"image":{"@id":"https:\/\/assessoriaboren.com\/es\/servicios-integrales-de-limpieza-y-mantenimiento\/#primaryimage"},"thumbnailUrl":"https:\/\/assessoriaboren.com\/wp-content\/uploads\/2022\/03\/servei-de-neteja.png","datePublished":"2022-03-07T12:37:07+00:00","dateModified":"2022-04-21T08:29:00+00:00","description":"Gestionen directament el manteniment i la neteja de comunitats de ve\u00efns, p\u00e0rquings, zones enjardinades, oficines, etc.","breadcrumb":{"@id":"https:\/\/assessoriaboren.com\/es\/servicios-integrales-de-limpieza-y-mantenimiento\/#breadcrumb"},"inLanguage":"es","potentialAction":[{"@type":"ReadAction","target":["https:\/\/assessoriaboren.com\/es\/servicios-integrales-de-limpieza-y-mantenimiento\/"]}]},{"@type":"ImageObject","inLanguage":"es","@id":"https:\/\/assessoriaboren.com\/es\/servicios-integrales-de-limpieza-y-mantenimiento\/#primaryimage","url":"https:\/\/assessoriaboren.com\/wp-content\/uploads\/2022\/03\/servei-de-neteja.png","contentUrl":"https:\/\/assessoriaboren.com\/wp-content\/uploads\/2022\/03\/servei-de-neteja.png"},{"@type":"BreadcrumbList","@id":"https:\/\/assessoriaboren.com\/es\/servicios-integrales-de-limpieza-y-mantenimiento\/#breadcrumb","itemListElement":[{"@type":"ListItem","position":1,"name":"Portada","item":"https:\/\/assessoriaboren.com\/es\/"},{"@type":"ListItem","position":2,"name":"Servicios Integrales de Limpieza y Mantenimiento"}]},{"@type":"WebSite","@id":"https:\/\/assessoriaboren.com\/es\/#website","url":"https:\/\/assessoriaboren.com\/es\/","name":"Assessoria Bor\u00e9n","description":"Servicios profesionales inmobiliarios de administraci\u00f3n de fincas y alquileres","publisher":{"@id":"https:\/\/assessoriaboren.com\/es\/#organization"},"potentialAction":[{"@type":"SearchAction","target":{"@type":"EntryPoint","urlTemplate":"https:\/\/assessoriaboren.com\/es\/?s={search_term_string}"},"query-input":{"@type":"PropertyValueSpecification","valueRequired":true,"valueName":"search_term_string"}}],"inLanguage":"es"},{"@type":"Organization","@id":"https:\/\/assessoriaboren.com\/es\/#organization","name":"Assesor\u00eda Bor\u00e9n","url":"https:\/\/assessoriaboren.com\/es\/","logo":{"@type":"ImageObject","inLanguage":"es","@id":"https:\/\/assessoriaboren.com\/es\/#\/schema\/logo\/image\/","url":"https:\/\/assessoriaboren.com\/wp-content\/uploads\/2022\/02\/logo-boren1.jpg","contentUrl":"https:\/\/assessoriaboren.com\/wp-content\/uploads\/2022\/02\/logo-boren1.jpg","width":300,"height":97,"caption":"Assesor\u00eda Bor\u00e9n"},"image":{"@id":"https:\/\/assessoriaboren.com\/es\/#\/schema\/logo\/image\/"}}]}},"_links":{"self":[{"href":"https:\/\/assessoriaboren.com\/es\/wp-json\/wp\/v2\/pages\/1215","targetHints":{"allow":["GET"]}}],"collection":[{"href":"https:\/\/assessoriaboren.com\/es\/wp-json\/wp\/v2\/pages"}],"about":[{"href":"https:\/\/assessoriaboren.com\/es\/wp-json\/wp\/v2\/types\/page"}],"author":[{"embeddable":true,"href":"https:\/\/assessoriaboren.com\/es\/wp-json\/wp\/v2\/users\/1"}],"replies":[{"embeddable":true,"href":"https:\/\/assessoriaboren.com\/es\/wp-json\/wp\/v2\/comments?post=1215"}],"version-history":[{"count":4,"href":"https:\/\/assessoriaboren.com\/es\/wp-json\/wp\/v2\/pages\/1215\/revisions"}],"predecessor-version":[{"id":1219,"href":"https:\/\/assessoriaboren.com\/es\/wp-json\/wp\/v2\/pages\/1215\/revisions\/1219"}],"wp:attachment":[{"href":"https:\/\/assessoriaboren.com\/es\/wp-json\/wp\/v2\/media?parent=1215"}],"curies":[{"name":"wp","href":"https:\/\/api.w.org\/{rel}","templated":true}]}}