{"id":1210,"date":"2022-03-07T12:27:54","date_gmt":"2022-03-07T12:27:54","guid":{"rendered":"https:\/\/assessoriaboren.com\/serveis-de-rehabilitacio-i-petites-obres\/"},"modified":"2022-04-21T08:25:51","modified_gmt":"2022-04-21T08:25:51","slug":"servicios-de-rehabilitacion-y-pequenas-obras","status":"publish","type":"page","link":"https:\/\/assessoriaboren.com\/es\/servicios-de-rehabilitacion-y-pequenas-obras\/","title":{"rendered":"Servicios de rehabilitaci\u00f3n y peque\u00f1as obras"},"content":{"rendered":"\t\t<div data-elementor-type=\"wp-page\" data-elementor-id=\"1210\" class=\"elementor elementor-1210\" data-elementor-post-type=\"page\">\n\t\t\t\t\t\t<section class=\"elementor-section elementor-top-section elementor-element elementor-element-32c0fae elementor-section-boxed elementor-section-height-default elementor-section-height-default\" data-id=\"32c0fae\" data-element_type=\"section\" data-e-type=\"section\" data-settings=\"{&quot;background_background&quot;:&quot;classic&quot;}\">\n\t\t\t\t\t\t\t<div class=\"elementor-background-overlay\"><\/div>\n\t\t\t\t\t\t\t<div class=\"elementor-container elementor-column-gap-default\">\n\t\t\t\t\t<div class=\"elementor-column elementor-col-100 elementor-top-column elementor-element elementor-element-5879c7e1\" data-id=\"5879c7e1\" data-element_type=\"column\" data-e-type=\"column\">\n\t\t\t<div class=\"elementor-widget-wrap elementor-element-populated\">\n\t\t\t\t\t\t<div class=\"elementor-element elementor-element-36296796 elementor-icon-list--layout-inline elementor-align-center elementor-list-item-link-full_width elementor-invisible elementor-widget elementor-widget-icon-list\" data-id=\"36296796\" data-element_type=\"widget\" data-e-type=\"widget\" data-settings=\"{&quot;_animation&quot;:&quot;fadeInUp&quot;}\" data-widget_type=\"icon-list.default\">\n\t\t\t\t<div class=\"elementor-widget-container\">\n\t\t\t\t\t\t\t<ul class=\"elementor-icon-list-items elementor-inline-items\">\n\t\t\t\t\t\t\t<li class=\"elementor-icon-list-item elementor-inline-item\">\n\t\t\t\t\t\t\t\t\t\t\t<a href=\"https:\/\/assessoriaboren.com\/es\/\">\n\n\t\t\t\t\t\t\t\t\t\t\t<span class=\"elementor-icon-list-text\">Inicio<\/span>\n\t\t\t\t\t\t\t\t\t\t\t<\/a>\n\t\t\t\t\t\t\t\t\t<\/li>\n\t\t\t\t\t\t\t\t<li class=\"elementor-icon-list-item elementor-inline-item\">\n\t\t\t\t\t\t\t\t\t\t<span class=\"elementor-icon-list-text\"><\/span>\n\t\t\t\t\t\t\t\t\t<\/li>\n\t\t\t\t\t\t<\/ul>\n\t\t\t\t\t\t<\/div>\n\t\t\t\t<\/div>\n\t\t\t\t\t<\/div>\n\t\t<\/div>\n\t\t\t\t\t<\/div>\n\t\t<\/section>\n\t\t\t\t<section class=\"elementor-section elementor-top-section elementor-element elementor-element-324c17e3 elementor-section-boxed elementor-section-height-default elementor-section-height-default\" data-id=\"324c17e3\" data-element_type=\"section\" data-e-type=\"section\">\n\t\t\t\t\t\t<div class=\"elementor-container elementor-column-gap-default\">\n\t\t\t\t\t<div class=\"elementor-column elementor-col-50 elementor-top-column elementor-element elementor-element-4246a47c\" data-id=\"4246a47c\" data-element_type=\"column\" data-e-type=\"column\">\n\t\t\t<div class=\"elementor-widget-wrap elementor-element-populated\">\n\t\t\t\t\t\t<div class=\"elementor-element elementor-element-54a4817 elementor-widget__width-initial elementor-absolute elementor-invisible elementor-widget elementor-widget-spacer\" data-id=\"54a4817\" data-element_type=\"widget\" data-e-type=\"widget\" data-settings=\"{&quot;_position&quot;:&quot;absolute&quot;,&quot;_animation&quot;:&quot;fadeInDown&quot;}\" data-widget_type=\"spacer.default\">\n\t\t\t\t<div class=\"elementor-widget-container\">\n\t\t\t\t\t\t\t<div class=\"elementor-spacer\">\n\t\t\t<div class=\"elementor-spacer-inner\"><\/div>\n\t\t<\/div>\n\t\t\t\t\t\t<\/div>\n\t\t\t\t<\/div>\n\t\t\t\t<div class=\"elementor-element elementor-element-5f4b97fb elementor-widget__width-initial elementor-absolute elementor-widget-mobile__width-initial elementor-invisible elementor-widget elementor-widget-spacer\" data-id=\"5f4b97fb\" data-element_type=\"widget\" data-e-type=\"widget\" data-settings=\"{&quot;_position&quot;:&quot;absolute&quot;,&quot;_animation&quot;:&quot;fadeInUp&quot;}\" data-widget_type=\"spacer.default\">\n\t\t\t\t<div class=\"elementor-widget-container\">\n\t\t\t\t\t\t\t<div class=\"elementor-spacer\">\n\t\t\t<div class=\"elementor-spacer-inner\"><\/div>\n\t\t<\/div>\n\t\t\t\t\t\t<\/div>\n\t\t\t\t<\/div>\n\t\t\t\t<div class=\"elementor-element elementor-element-6f54c48b elementor-invisible elementor-widget elementor-widget-image\" data-id=\"6f54c48b\" data-element_type=\"widget\" data-e-type=\"widget\" data-settings=\"{&quot;_animation&quot;:&quot;zoomIn&quot;}\" data-widget_type=\"image.default\">\n\t\t\t\t<div class=\"elementor-widget-container\">\n\t\t\t\t\t\t\t\t\t\t\t\t\t\t\t<img fetchpriority=\"high\" decoding=\"async\" width=\"700\" height=\"530\" src=\"https:\/\/assessoriaboren.com\/wp-content\/uploads\/2022\/03\/obres-i-rehabilitacio.png\" class=\"attachment-full size-full wp-image-733\" alt=\"\" srcset=\"https:\/\/assessoriaboren.com\/wp-content\/uploads\/2022\/03\/obres-i-rehabilitacio.png 700w, https:\/\/assessoriaboren.com\/wp-content\/uploads\/2022\/03\/obres-i-rehabilitacio-300x227.png 300w\" sizes=\"(max-width: 700px) 100vw, 700px\" \/>\t\t\t\t\t\t\t\t\t\t\t\t\t\t\t<\/div>\n\t\t\t\t<\/div>\n\t\t\t\t\t<\/div>\n\t\t<\/div>\n\t\t\t\t<div class=\"elementor-column elementor-col-50 elementor-top-column elementor-element elementor-element-2f02179d\" data-id=\"2f02179d\" data-element_type=\"column\" data-e-type=\"column\">\n\t\t\t<div class=\"elementor-widget-wrap elementor-element-populated\">\n\t\t\t\t\t\t<section class=\"elementor-section elementor-inner-section elementor-element elementor-element-35c25c8f elementor-section-boxed elementor-section-height-default elementor-section-height-default\" data-id=\"35c25c8f\" data-element_type=\"section\" data-e-type=\"section\">\n\t\t\t\t\t\t<div class=\"elementor-container elementor-column-gap-default\">\n\t\t\t\t\t<div class=\"elementor-column elementor-col-100 elementor-inner-column elementor-element elementor-element-43ead8aa\" data-id=\"43ead8aa\" data-element_type=\"column\" data-e-type=\"column\">\n\t\t\t<div class=\"elementor-widget-wrap elementor-element-populated\">\n\t\t\t\t\t\t<div class=\"elementor-element elementor-element-f6fade2 elementor-invisible elementor-widget elementor-widget-text-editor\" data-id=\"f6fade2\" data-element_type=\"widget\" data-e-type=\"widget\" data-settings=\"{&quot;_animation&quot;:&quot;fadeInUp&quot;}\" data-widget_type=\"text-editor.default\">\n\t\t\t\t<div class=\"elementor-widget-container\">\n\t\t\t\t\t\t\t\t\t<p><span style=\"font-weight: 400;\">Con el fin de ofrecer un servicio m\u00e1s personalizado a nuestros clientes, desde <\/span><b>Assessoria Bor\u00e9n<\/b><span style=\"font-weight: 400;\"> gestionamos la empresa <\/span><b>RMH, Reparacions i Manteniment Horta<\/b><span style=\"font-weight: 400;\">.<\/span><\/p><p><span style=\"font-weight: 400;\">Contamos con profesionales especialistas en <\/span><b>obras menores, reparaciones, fontaner\u00eda, electricidad<\/b><span style=\"font-weight: 400;\">, etc., para solucionar sin demoras aquellas peque\u00f1as incidencias, aver\u00edas, desperfectos y reformas que pueda requerir un inmueble o Comunidad de Vecinos.<\/span><\/p><p><span style=\"font-weight: 400;\">Porque un inmueble bien conservado, multiplica su valor. Y porque sabemos que es m\u00e1s sencillo entenderse con una \u00fanica empresa de confianza.<\/span><\/p><p><span style=\"font-weight: 400;\">Presupuestos sin compromiso.<\/span><\/p><p class=\"p1\">C\/Baixada de la Combinaci\u00f3, 6, Sot. Barcelona, 08031.\u00a0<br \/><a href=\"mailto:rmh@rmh.cat\">rmh@rmh.cat<\/a><\/p><p class=\"p1\">\u00a0<\/p>\t\t\t\t\t\t\t\t<\/div>\n\t\t\t\t<\/div>\n\t\t\t\t\t<\/div>\n\t\t<\/div>\n\t\t\t\t\t<\/div>\n\t\t<\/section>\n\t\t\t\t\t<\/div>\n\t\t<\/div>\n\t\t\t\t\t<\/div>\n\t\t<\/section>\n\t\t\t\t<\/div>\n\t\t","protected":false},"excerpt":{"rendered":"<p>Inicio Con el fin de ofrecer un servicio m\u00e1s personalizado a nuestros clientes, desde Assessoria Bor\u00e9n gestionamos la empresa RMH, Reparacions i Manteniment Horta. Contamos con profesionales especialistas en obras menores, reparaciones, fontaner\u00eda, electricidad, etc., para solucionar sin demoras aquellas peque\u00f1as incidencias, aver\u00edas, desperfectos y reformas que pueda requerir un inmueble o Comunidad de Vecinos. &#8230; <a title=\"Servicios de rehabilitaci\u00f3n y peque\u00f1as obras\" class=\"read-more\" href=\"https:\/\/assessoriaboren.com\/es\/servicios-de-rehabilitacion-y-pequenas-obras\/\" aria-label=\"Leer m\u00e1s sobre Servicios de rehabilitaci\u00f3n y peque\u00f1as obras\">Leer m\u00e1s<\/a><\/p>\n","protected":false},"author":1,"featured_media":0,"parent":0,"menu_order":0,"comment_status":"closed","ping_status":"closed","template":"elementor_header_footer","meta":{"footnotes":""},"class_list":["post-1210","page","type-page","status-publish"],"yoast_head":"<!-- This site is optimized with the Yoast SEO plugin v27.4 - https:\/\/yoast.com\/product\/yoast-seo-wordpress\/ -->\n<title>Servicios de rehabilitaci\u00f3n y peque\u00f1as obras - Assessoria Bor\u00e9n<\/title>\n<meta name=\"description\" content=\"Comptem amb professionals especialistes en obres menors, reparacions, lampisteria, pintura, electricitat, carpinteria, etc., per a solucionar petites incid\u00e8ncies, avaries, desperfectes i reformes\" \/>\n<meta name=\"robots\" content=\"index, follow, max-snippet:-1, max-image-preview:large, max-video-preview:-1\" \/>\n<link rel=\"canonical\" href=\"https:\/\/assessoriaboren.com\/es\/servicios-de-rehabilitacion-y-pequenas-obras\/\" \/>\n<meta property=\"og:locale\" content=\"es_ES\" \/>\n<meta property=\"og:type\" content=\"article\" \/>\n<meta property=\"og:title\" content=\"Servicios de rehabilitaci\u00f3n y peque\u00f1as obras - Assessoria Bor\u00e9n\" \/>\n<meta property=\"og:description\" content=\"Comptem amb professionals especialistes en obres menors, reparacions, lampisteria, pintura, electricitat, carpinteria, etc., per a solucionar petites incid\u00e8ncies, avaries, desperfectes i reformes\" \/>\n<meta property=\"og:url\" content=\"https:\/\/assessoriaboren.com\/es\/servicios-de-rehabilitacion-y-pequenas-obras\/\" \/>\n<meta property=\"og:site_name\" content=\"Assessoria Bor\u00e9n\" \/>\n<meta property=\"article:modified_time\" content=\"2022-04-21T08:25:51+00:00\" \/>\n<meta property=\"og:image\" content=\"https:\/\/assessoriaboren.com\/wp-content\/uploads\/2022\/03\/obres-i-rehabilitacio.png\" \/>\n<meta name=\"twitter:card\" content=\"summary_large_image\" \/>\n<meta name=\"twitter:label1\" content=\"Tiempo de lectura\" \/>\n\t<meta name=\"twitter:data1\" content=\"1 minuto\" \/>\n<script type=\"application\/ld+json\" class=\"yoast-schema-graph\">{\"@context\":\"https:\\\/\\\/schema.org\",\"@graph\":[{\"@type\":\"WebPage\",\"@id\":\"https:\\\/\\\/assessoriaboren.com\\\/es\\\/servicios-de-rehabilitacion-y-pequenas-obras\\\/\",\"url\":\"https:\\\/\\\/assessoriaboren.com\\\/es\\\/servicios-de-rehabilitacion-y-pequenas-obras\\\/\",\"name\":\"Servicios de rehabilitaci\u00f3n y peque\u00f1as obras - Assessoria Bor\u00e9n\",\"isPartOf\":{\"@id\":\"https:\\\/\\\/assessoriaboren.com\\\/es\\\/#website\"},\"primaryImageOfPage\":{\"@id\":\"https:\\\/\\\/assessoriaboren.com\\\/es\\\/servicios-de-rehabilitacion-y-pequenas-obras\\\/#primaryimage\"},\"image\":{\"@id\":\"https:\\\/\\\/assessoriaboren.com\\\/es\\\/servicios-de-rehabilitacion-y-pequenas-obras\\\/#primaryimage\"},\"thumbnailUrl\":\"https:\\\/\\\/assessoriaboren.com\\\/wp-content\\\/uploads\\\/2022\\\/03\\\/obres-i-rehabilitacio.png\",\"datePublished\":\"2022-03-07T12:27:54+00:00\",\"dateModified\":\"2022-04-21T08:25:51+00:00\",\"description\":\"Comptem amb professionals especialistes en obres menors, reparacions, lampisteria, pintura, electricitat, carpinteria, etc., per a solucionar petites incid\u00e8ncies, avaries, desperfectes i reformes\",\"breadcrumb\":{\"@id\":\"https:\\\/\\\/assessoriaboren.com\\\/es\\\/servicios-de-rehabilitacion-y-pequenas-obras\\\/#breadcrumb\"},\"inLanguage\":\"es\",\"potentialAction\":[{\"@type\":\"ReadAction\",\"target\":[\"https:\\\/\\\/assessoriaboren.com\\\/es\\\/servicios-de-rehabilitacion-y-pequenas-obras\\\/\"]}]},{\"@type\":\"ImageObject\",\"inLanguage\":\"es\",\"@id\":\"https:\\\/\\\/assessoriaboren.com\\\/es\\\/servicios-de-rehabilitacion-y-pequenas-obras\\\/#primaryimage\",\"url\":\"https:\\\/\\\/assessoriaboren.com\\\/wp-content\\\/uploads\\\/2022\\\/03\\\/obres-i-rehabilitacio.png\",\"contentUrl\":\"https:\\\/\\\/assessoriaboren.com\\\/wp-content\\\/uploads\\\/2022\\\/03\\\/obres-i-rehabilitacio.png\"},{\"@type\":\"BreadcrumbList\",\"@id\":\"https:\\\/\\\/assessoriaboren.com\\\/es\\\/servicios-de-rehabilitacion-y-pequenas-obras\\\/#breadcrumb\",\"itemListElement\":[{\"@type\":\"ListItem\",\"position\":1,\"name\":\"Portada\",\"item\":\"https:\\\/\\\/assessoriaboren.com\\\/es\\\/\"},{\"@type\":\"ListItem\",\"position\":2,\"name\":\"Servicios de rehabilitaci\u00f3n y peque\u00f1as obras\"}]},{\"@type\":\"WebSite\",\"@id\":\"https:\\\/\\\/assessoriaboren.com\\\/es\\\/#website\",\"url\":\"https:\\\/\\\/assessoriaboren.com\\\/es\\\/\",\"name\":\"Assessoria Bor\u00e9n\",\"description\":\"Servicios profesionales inmobiliarios de administraci\u00f3n de fincas y alquileres\",\"publisher\":{\"@id\":\"https:\\\/\\\/assessoriaboren.com\\\/es\\\/#organization\"},\"potentialAction\":[{\"@type\":\"SearchAction\",\"target\":{\"@type\":\"EntryPoint\",\"urlTemplate\":\"https:\\\/\\\/assessoriaboren.com\\\/es\\\/?s={search_term_string}\"},\"query-input\":{\"@type\":\"PropertyValueSpecification\",\"valueRequired\":true,\"valueName\":\"search_term_string\"}}],\"inLanguage\":\"es\"},{\"@type\":\"Organization\",\"@id\":\"https:\\\/\\\/assessoriaboren.com\\\/es\\\/#organization\",\"name\":\"Assesor\u00eda Bor\u00e9n\",\"url\":\"https:\\\/\\\/assessoriaboren.com\\\/es\\\/\",\"logo\":{\"@type\":\"ImageObject\",\"inLanguage\":\"es\",\"@id\":\"https:\\\/\\\/assessoriaboren.com\\\/es\\\/#\\\/schema\\\/logo\\\/image\\\/\",\"url\":\"https:\\\/\\\/assessoriaboren.com\\\/wp-content\\\/uploads\\\/2022\\\/02\\\/logo-boren1.jpg\",\"contentUrl\":\"https:\\\/\\\/assessoriaboren.com\\\/wp-content\\\/uploads\\\/2022\\\/02\\\/logo-boren1.jpg\",\"width\":300,\"height\":97,\"caption\":\"Assesor\u00eda Bor\u00e9n\"},\"image\":{\"@id\":\"https:\\\/\\\/assessoriaboren.com\\\/es\\\/#\\\/schema\\\/logo\\\/image\\\/\"}}]}<\/script>\n<!-- \/ Yoast SEO plugin. -->","yoast_head_json":{"title":"Servicios de rehabilitaci\u00f3n y peque\u00f1as obras - Assessoria Bor\u00e9n","description":"Comptem amb professionals especialistes en obres menors, reparacions, lampisteria, pintura, electricitat, carpinteria, etc., per a solucionar petites incid\u00e8ncies, avaries, desperfectes i reformes","robots":{"index":"index","follow":"follow","max-snippet":"max-snippet:-1","max-image-preview":"max-image-preview:large","max-video-preview":"max-video-preview:-1"},"canonical":"https:\/\/assessoriaboren.com\/es\/servicios-de-rehabilitacion-y-pequenas-obras\/","og_locale":"es_ES","og_type":"article","og_title":"Servicios de rehabilitaci\u00f3n y peque\u00f1as obras - Assessoria Bor\u00e9n","og_description":"Comptem amb professionals especialistes en obres menors, reparacions, lampisteria, pintura, electricitat, carpinteria, etc., per a solucionar petites incid\u00e8ncies, avaries, desperfectes i reformes","og_url":"https:\/\/assessoriaboren.com\/es\/servicios-de-rehabilitacion-y-pequenas-obras\/","og_site_name":"Assessoria Bor\u00e9n","article_modified_time":"2022-04-21T08:25:51+00:00","og_image":[{"url":"https:\/\/assessoriaboren.com\/wp-content\/uploads\/2022\/03\/obres-i-rehabilitacio.png","type":"","width":"","height":""}],"twitter_card":"summary_large_image","twitter_misc":{"Tiempo de lectura":"1 minuto"},"schema":{"@context":"https:\/\/schema.org","@graph":[{"@type":"WebPage","@id":"https:\/\/assessoriaboren.com\/es\/servicios-de-rehabilitacion-y-pequenas-obras\/","url":"https:\/\/assessoriaboren.com\/es\/servicios-de-rehabilitacion-y-pequenas-obras\/","name":"Servicios de rehabilitaci\u00f3n y peque\u00f1as obras - Assessoria Bor\u00e9n","isPartOf":{"@id":"https:\/\/assessoriaboren.com\/es\/#website"},"primaryImageOfPage":{"@id":"https:\/\/assessoriaboren.com\/es\/servicios-de-rehabilitacion-y-pequenas-obras\/#primaryimage"},"image":{"@id":"https:\/\/assessoriaboren.com\/es\/servicios-de-rehabilitacion-y-pequenas-obras\/#primaryimage"},"thumbnailUrl":"https:\/\/assessoriaboren.com\/wp-content\/uploads\/2022\/03\/obres-i-rehabilitacio.png","datePublished":"2022-03-07T12:27:54+00:00","dateModified":"2022-04-21T08:25:51+00:00","description":"Comptem amb professionals especialistes en obres menors, reparacions, lampisteria, pintura, electricitat, carpinteria, etc., per a solucionar petites incid\u00e8ncies, avaries, desperfectes i reformes","breadcrumb":{"@id":"https:\/\/assessoriaboren.com\/es\/servicios-de-rehabilitacion-y-pequenas-obras\/#breadcrumb"},"inLanguage":"es","potentialAction":[{"@type":"ReadAction","target":["https:\/\/assessoriaboren.com\/es\/servicios-de-rehabilitacion-y-pequenas-obras\/"]}]},{"@type":"ImageObject","inLanguage":"es","@id":"https:\/\/assessoriaboren.com\/es\/servicios-de-rehabilitacion-y-pequenas-obras\/#primaryimage","url":"https:\/\/assessoriaboren.com\/wp-content\/uploads\/2022\/03\/obres-i-rehabilitacio.png","contentUrl":"https:\/\/assessoriaboren.com\/wp-content\/uploads\/2022\/03\/obres-i-rehabilitacio.png"},{"@type":"BreadcrumbList","@id":"https:\/\/assessoriaboren.com\/es\/servicios-de-rehabilitacion-y-pequenas-obras\/#breadcrumb","itemListElement":[{"@type":"ListItem","position":1,"name":"Portada","item":"https:\/\/assessoriaboren.com\/es\/"},{"@type":"ListItem","position":2,"name":"Servicios de rehabilitaci\u00f3n y peque\u00f1as obras"}]},{"@type":"WebSite","@id":"https:\/\/assessoriaboren.com\/es\/#website","url":"https:\/\/assessoriaboren.com\/es\/","name":"Assessoria Bor\u00e9n","description":"Servicios profesionales inmobiliarios de administraci\u00f3n de fincas y alquileres","publisher":{"@id":"https:\/\/assessoriaboren.com\/es\/#organization"},"potentialAction":[{"@type":"SearchAction","target":{"@type":"EntryPoint","urlTemplate":"https:\/\/assessoriaboren.com\/es\/?s={search_term_string}"},"query-input":{"@type":"PropertyValueSpecification","valueRequired":true,"valueName":"search_term_string"}}],"inLanguage":"es"},{"@type":"Organization","@id":"https:\/\/assessoriaboren.com\/es\/#organization","name":"Assesor\u00eda Bor\u00e9n","url":"https:\/\/assessoriaboren.com\/es\/","logo":{"@type":"ImageObject","inLanguage":"es","@id":"https:\/\/assessoriaboren.com\/es\/#\/schema\/logo\/image\/","url":"https:\/\/assessoriaboren.com\/wp-content\/uploads\/2022\/02\/logo-boren1.jpg","contentUrl":"https:\/\/assessoriaboren.com\/wp-content\/uploads\/2022\/02\/logo-boren1.jpg","width":300,"height":97,"caption":"Assesor\u00eda Bor\u00e9n"},"image":{"@id":"https:\/\/assessoriaboren.com\/es\/#\/schema\/logo\/image\/"}}]}},"_links":{"self":[{"href":"https:\/\/assessoriaboren.com\/es\/wp-json\/wp\/v2\/pages\/1210","targetHints":{"allow":["GET"]}}],"collection":[{"href":"https:\/\/assessoriaboren.com\/es\/wp-json\/wp\/v2\/pages"}],"about":[{"href":"https:\/\/assessoriaboren.com\/es\/wp-json\/wp\/v2\/types\/page"}],"author":[{"embeddable":true,"href":"https:\/\/assessoriaboren.com\/es\/wp-json\/wp\/v2\/users\/1"}],"replies":[{"embeddable":true,"href":"https:\/\/assessoriaboren.com\/es\/wp-json\/wp\/v2\/comments?post=1210"}],"version-history":[{"count":4,"href":"https:\/\/assessoriaboren.com\/es\/wp-json\/wp\/v2\/pages\/1210\/revisions"}],"predecessor-version":[{"id":1214,"href":"https:\/\/assessoriaboren.com\/es\/wp-json\/wp\/v2\/pages\/1210\/revisions\/1214"}],"wp:attachment":[{"href":"https:\/\/assessoriaboren.com\/es\/wp-json\/wp\/v2\/media?parent=1210"}],"curies":[{"name":"wp","href":"https:\/\/api.w.org\/{rel}","templated":true}]}}