{"id":1189,"date":"2022-03-07T12:14:02","date_gmt":"2022-03-07T12:14:02","guid":{"rendered":"https:\/\/assessoriaboren.com\/serveis-immobiliaris\/"},"modified":"2022-04-21T08:14:18","modified_gmt":"2022-04-21T08:14:18","slug":"servicios-inmobiliarios","status":"publish","type":"page","link":"https:\/\/assessoriaboren.com\/es\/servicios-inmobiliarios\/","title":{"rendered":"Servicios Inmobiliarios\u00a0"},"content":{"rendered":"\t\t<div data-elementor-type=\"wp-page\" data-elementor-id=\"1189\" class=\"elementor elementor-1189\" data-elementor-post-type=\"page\">\n\t\t\t\t\t\t<section class=\"elementor-section elementor-top-section elementor-element elementor-element-54185abe elementor-section-boxed elementor-section-height-default elementor-section-height-default\" data-id=\"54185abe\" data-element_type=\"section\" data-e-type=\"section\" data-settings=\"{&quot;background_background&quot;:&quot;classic&quot;}\">\n\t\t\t\t\t\t\t<div class=\"elementor-background-overlay\"><\/div>\n\t\t\t\t\t\t\t<div class=\"elementor-container elementor-column-gap-default\">\n\t\t\t\t\t<div class=\"elementor-column elementor-col-100 elementor-top-column elementor-element elementor-element-289f8779\" data-id=\"289f8779\" data-element_type=\"column\" data-e-type=\"column\">\n\t\t\t<div class=\"elementor-widget-wrap elementor-element-populated\">\n\t\t\t\t\t\t<div class=\"elementor-element elementor-element-31f322c1 elementor-icon-list--layout-inline elementor-align-center elementor-list-item-link-full_width elementor-invisible elementor-widget elementor-widget-icon-list\" data-id=\"31f322c1\" data-element_type=\"widget\" data-e-type=\"widget\" data-settings=\"{&quot;_animation&quot;:&quot;fadeInUp&quot;}\" data-widget_type=\"icon-list.default\">\n\t\t\t\t<div class=\"elementor-widget-container\">\n\t\t\t\t\t\t\t<ul class=\"elementor-icon-list-items elementor-inline-items\">\n\t\t\t\t\t\t\t<li class=\"elementor-icon-list-item elementor-inline-item\">\n\t\t\t\t\t\t\t\t\t\t\t<a href=\"https:\/\/assessoriaboren.com\/es\/\">\n\n\t\t\t\t\t\t\t\t\t\t\t<span class=\"elementor-icon-list-text\">Inicio<\/span>\n\t\t\t\t\t\t\t\t\t\t\t<\/a>\n\t\t\t\t\t\t\t\t\t<\/li>\n\t\t\t\t\t\t\t\t<li class=\"elementor-icon-list-item elementor-inline-item\">\n\t\t\t\t\t\t\t\t\t\t<span class=\"elementor-icon-list-text\"><\/span>\n\t\t\t\t\t\t\t\t\t<\/li>\n\t\t\t\t\t\t<\/ul>\n\t\t\t\t\t\t<\/div>\n\t\t\t\t<\/div>\n\t\t\t\t\t<\/div>\n\t\t<\/div>\n\t\t\t\t\t<\/div>\n\t\t<\/section>\n\t\t\t\t<section class=\"elementor-section elementor-top-section elementor-element elementor-element-d3d93a6 elementor-section-boxed elementor-section-height-default elementor-section-height-default\" data-id=\"d3d93a6\" data-element_type=\"section\" data-e-type=\"section\">\n\t\t\t\t\t\t<div class=\"elementor-container elementor-column-gap-default\">\n\t\t\t\t\t<div class=\"elementor-column elementor-col-50 elementor-top-column elementor-element elementor-element-54a1238f\" data-id=\"54a1238f\" data-element_type=\"column\" data-e-type=\"column\">\n\t\t\t<div class=\"elementor-widget-wrap elementor-element-populated\">\n\t\t\t\t\t\t<div class=\"elementor-element elementor-element-5991678 elementor-widget__width-initial elementor-absolute elementor-invisible elementor-widget elementor-widget-spacer\" data-id=\"5991678\" data-element_type=\"widget\" data-e-type=\"widget\" data-settings=\"{&quot;_position&quot;:&quot;absolute&quot;,&quot;_animation&quot;:&quot;fadeInDown&quot;}\" data-widget_type=\"spacer.default\">\n\t\t\t\t<div class=\"elementor-widget-container\">\n\t\t\t\t\t\t\t<div class=\"elementor-spacer\">\n\t\t\t<div class=\"elementor-spacer-inner\"><\/div>\n\t\t<\/div>\n\t\t\t\t\t\t<\/div>\n\t\t\t\t<\/div>\n\t\t\t\t<div class=\"elementor-element elementor-element-39036914 elementor-widget__width-initial elementor-absolute elementor-widget-mobile__width-initial elementor-invisible elementor-widget elementor-widget-spacer\" data-id=\"39036914\" data-element_type=\"widget\" data-e-type=\"widget\" data-settings=\"{&quot;_position&quot;:&quot;absolute&quot;,&quot;_animation&quot;:&quot;fadeInUp&quot;}\" data-widget_type=\"spacer.default\">\n\t\t\t\t<div class=\"elementor-widget-container\">\n\t\t\t\t\t\t\t<div class=\"elementor-spacer\">\n\t\t\t<div class=\"elementor-spacer-inner\"><\/div>\n\t\t<\/div>\n\t\t\t\t\t\t<\/div>\n\t\t\t\t<\/div>\n\t\t\t\t<div class=\"elementor-element elementor-element-176f71df elementor-invisible elementor-widget elementor-widget-image\" data-id=\"176f71df\" data-element_type=\"widget\" data-e-type=\"widget\" data-settings=\"{&quot;_animation&quot;:&quot;zoomIn&quot;}\" data-widget_type=\"image.default\">\n\t\t\t\t<div class=\"elementor-widget-container\">\n\t\t\t\t\t\t\t\t\t\t\t\t\t\t\t<img fetchpriority=\"high\" decoding=\"async\" width=\"940\" height=\"788\" src=\"https:\/\/assessoriaboren.com\/wp-content\/uploads\/2022\/02\/BOREN-LLOGUER-4.jpg\" class=\"attachment-full size-full wp-image-410\" alt=\"BOREN LLOGUER 4\" srcset=\"https:\/\/assessoriaboren.com\/wp-content\/uploads\/2022\/02\/BOREN-LLOGUER-4.jpg 940w, https:\/\/assessoriaboren.com\/wp-content\/uploads\/2022\/02\/BOREN-LLOGUER-4-300x251.jpg 300w, https:\/\/assessoriaboren.com\/wp-content\/uploads\/2022\/02\/BOREN-LLOGUER-4-768x644.jpg 768w\" sizes=\"(max-width: 940px) 100vw, 940px\" \/>\t\t\t\t\t\t\t\t\t\t\t\t\t\t\t<\/div>\n\t\t\t\t<\/div>\n\t\t\t\t\t<\/div>\n\t\t<\/div>\n\t\t\t\t<div class=\"elementor-column elementor-col-50 elementor-top-column elementor-element elementor-element-4defd61e\" data-id=\"4defd61e\" data-element_type=\"column\" data-e-type=\"column\">\n\t\t\t<div class=\"elementor-widget-wrap elementor-element-populated\">\n\t\t\t\t\t\t<section class=\"elementor-section elementor-inner-section elementor-element elementor-element-63baee35 elementor-section-boxed elementor-section-height-default elementor-section-height-default\" data-id=\"63baee35\" data-element_type=\"section\" data-e-type=\"section\">\n\t\t\t\t\t\t<div class=\"elementor-container elementor-column-gap-default\">\n\t\t\t\t\t<div class=\"elementor-column elementor-col-100 elementor-inner-column elementor-element elementor-element-aad5c0\" data-id=\"aad5c0\" data-element_type=\"column\" data-e-type=\"column\">\n\t\t\t<div class=\"elementor-widget-wrap elementor-element-populated\">\n\t\t\t\t\t\t<div class=\"elementor-element elementor-element-45903c8e elementor-invisible elementor-widget elementor-widget-text-editor\" data-id=\"45903c8e\" data-element_type=\"widget\" data-e-type=\"widget\" data-settings=\"{&quot;_animation&quot;:&quot;fadeInUp&quot;}\" data-widget_type=\"text-editor.default\">\n\t\t\t\t<div class=\"elementor-widget-container\">\n\t\t\t\t\t\t\t\t\t<p><span style=\"font-weight: 400;\">\u00bfBuscas un piso de alquiler? \u00bfNecesitas un local para emprender tu proyecto?<\/span><\/p><p><span style=\"font-weight: 400;\">Contacta con <\/span><b>Assessoria Bor\u00e9n<\/b><span style=\"font-weight: 400;\"> y te ayudaremos a conseguirlo de forma \u00e1gil y r\u00e1pida.<\/span><\/p><p><span style=\"font-weight: 400;\">Contamos con un equipo de profesionales con larga experiencia en el mercado inmobiliario de Barcelona, que te asesorar\u00e1 de forma personalizada en la <\/span><b>intermediaci\u00f3n de operaciones de venta o de alquiler<\/b><span style=\"font-weight: 400;\"> y te acompa\u00f1aremos en todo el camino.<\/span><\/p>\t\t\t\t\t\t\t\t<\/div>\n\t\t\t\t<\/div>\n\t\t\t\t\t<\/div>\n\t\t<\/div>\n\t\t\t\t\t<\/div>\n\t\t<\/section>\n\t\t\t\t\t<\/div>\n\t\t<\/div>\n\t\t\t\t\t<\/div>\n\t\t<\/section>\n\t\t\t\t<\/div>\n\t\t","protected":false},"excerpt":{"rendered":"<p>Inicio \u00bfBuscas un piso de alquiler? \u00bfNecesitas un local para emprender tu proyecto? Contacta con Assessoria Bor\u00e9n y te ayudaremos a conseguirlo de forma \u00e1gil y r\u00e1pida. Contamos con un equipo de profesionales con larga experiencia en el mercado inmobiliario de Barcelona, que te asesorar\u00e1 de forma personalizada en la intermediaci\u00f3n de operaciones de venta &#8230; <a title=\"Servicios Inmobiliarios\u00a0\" class=\"read-more\" href=\"https:\/\/assessoriaboren.com\/es\/servicios-inmobiliarios\/\" aria-label=\"Leer m\u00e1s sobre Servicios Inmobiliarios\u00a0\">Leer m\u00e1s<\/a><\/p>\n","protected":false},"author":1,"featured_media":0,"parent":0,"menu_order":0,"comment_status":"closed","ping_status":"closed","template":"elementor_header_footer","meta":{"footnotes":""},"class_list":["post-1189","page","type-page","status-publish"],"yoast_head":"<!-- This site is optimized with the Yoast SEO plugin v27.4 - https:\/\/yoast.com\/product\/yoast-seo-wordpress\/ -->\n<title>Servicios Inmobiliarios\u00a0 - Assessoria Bor\u00e9n<\/title>\n<meta name=\"description\" content=\"Comptem amb un equip de professionals que t\u2019assessoraran i t\u2019acompanyaran en tot el proc\u00e9s de forma personalitzada en la intermediaci\u00f3 d\u2019operacions de lloguer o de venda\" \/>\n<meta name=\"robots\" content=\"index, follow, max-snippet:-1, max-image-preview:large, max-video-preview:-1\" \/>\n<link rel=\"canonical\" href=\"https:\/\/assessoriaboren.com\/es\/servicios-inmobiliarios\/\" \/>\n<meta property=\"og:locale\" content=\"es_ES\" \/>\n<meta property=\"og:type\" content=\"article\" \/>\n<meta property=\"og:title\" content=\"Servicios Inmobiliarios\u00a0 - Assessoria Bor\u00e9n\" \/>\n<meta property=\"og:description\" content=\"Comptem amb un equip de professionals que t\u2019assessoraran i t\u2019acompanyaran en tot el proc\u00e9s de forma personalitzada en la intermediaci\u00f3 d\u2019operacions de lloguer o de venda\" \/>\n<meta property=\"og:url\" content=\"https:\/\/assessoriaboren.com\/es\/servicios-inmobiliarios\/\" \/>\n<meta property=\"og:site_name\" content=\"Assessoria Bor\u00e9n\" \/>\n<meta property=\"article:modified_time\" content=\"2022-04-21T08:14:18+00:00\" \/>\n<meta property=\"og:image\" content=\"https:\/\/assessoriaboren.com\/wp-content\/uploads\/2022\/02\/BOREN-LLOGUER-4.jpg\" \/>\n<meta name=\"twitter:card\" content=\"summary_large_image\" \/>\n<meta name=\"twitter:label1\" content=\"Tiempo de lectura\" \/>\n\t<meta name=\"twitter:data1\" content=\"1 minuto\" \/>\n<script type=\"application\/ld+json\" class=\"yoast-schema-graph\">{\"@context\":\"https:\\\/\\\/schema.org\",\"@graph\":[{\"@type\":\"WebPage\",\"@id\":\"https:\\\/\\\/assessoriaboren.com\\\/es\\\/servicios-inmobiliarios\\\/\",\"url\":\"https:\\\/\\\/assessoriaboren.com\\\/es\\\/servicios-inmobiliarios\\\/\",\"name\":\"Servicios Inmobiliarios\u00a0 - Assessoria Bor\u00e9n\",\"isPartOf\":{\"@id\":\"https:\\\/\\\/assessoriaboren.com\\\/es\\\/#website\"},\"primaryImageOfPage\":{\"@id\":\"https:\\\/\\\/assessoriaboren.com\\\/es\\\/servicios-inmobiliarios\\\/#primaryimage\"},\"image\":{\"@id\":\"https:\\\/\\\/assessoriaboren.com\\\/es\\\/servicios-inmobiliarios\\\/#primaryimage\"},\"thumbnailUrl\":\"https:\\\/\\\/assessoriaboren.com\\\/wp-content\\\/uploads\\\/2022\\\/02\\\/BOREN-LLOGUER-4.jpg\",\"datePublished\":\"2022-03-07T12:14:02+00:00\",\"dateModified\":\"2022-04-21T08:14:18+00:00\",\"description\":\"Comptem amb un equip de professionals que t\u2019assessoraran i t\u2019acompanyaran en tot el proc\u00e9s de forma personalitzada en la intermediaci\u00f3 d\u2019operacions de lloguer o de venda\",\"breadcrumb\":{\"@id\":\"https:\\\/\\\/assessoriaboren.com\\\/es\\\/servicios-inmobiliarios\\\/#breadcrumb\"},\"inLanguage\":\"es\",\"potentialAction\":[{\"@type\":\"ReadAction\",\"target\":[\"https:\\\/\\\/assessoriaboren.com\\\/es\\\/servicios-inmobiliarios\\\/\"]}]},{\"@type\":\"ImageObject\",\"inLanguage\":\"es\",\"@id\":\"https:\\\/\\\/assessoriaboren.com\\\/es\\\/servicios-inmobiliarios\\\/#primaryimage\",\"url\":\"https:\\\/\\\/assessoriaboren.com\\\/wp-content\\\/uploads\\\/2022\\\/02\\\/BOREN-LLOGUER-4.jpg\",\"contentUrl\":\"https:\\\/\\\/assessoriaboren.com\\\/wp-content\\\/uploads\\\/2022\\\/02\\\/BOREN-LLOGUER-4.jpg\"},{\"@type\":\"BreadcrumbList\",\"@id\":\"https:\\\/\\\/assessoriaboren.com\\\/es\\\/servicios-inmobiliarios\\\/#breadcrumb\",\"itemListElement\":[{\"@type\":\"ListItem\",\"position\":1,\"name\":\"Portada\",\"item\":\"https:\\\/\\\/assessoriaboren.com\\\/es\\\/\"},{\"@type\":\"ListItem\",\"position\":2,\"name\":\"Servicios Inmobiliarios\u00a0\"}]},{\"@type\":\"WebSite\",\"@id\":\"https:\\\/\\\/assessoriaboren.com\\\/es\\\/#website\",\"url\":\"https:\\\/\\\/assessoriaboren.com\\\/es\\\/\",\"name\":\"Assessoria Bor\u00e9n\",\"description\":\"Servicios profesionales inmobiliarios de administraci\u00f3n de fincas y alquileres\",\"publisher\":{\"@id\":\"https:\\\/\\\/assessoriaboren.com\\\/es\\\/#organization\"},\"potentialAction\":[{\"@type\":\"SearchAction\",\"target\":{\"@type\":\"EntryPoint\",\"urlTemplate\":\"https:\\\/\\\/assessoriaboren.com\\\/es\\\/?s={search_term_string}\"},\"query-input\":{\"@type\":\"PropertyValueSpecification\",\"valueRequired\":true,\"valueName\":\"search_term_string\"}}],\"inLanguage\":\"es\"},{\"@type\":\"Organization\",\"@id\":\"https:\\\/\\\/assessoriaboren.com\\\/es\\\/#organization\",\"name\":\"Assesor\u00eda Bor\u00e9n\",\"url\":\"https:\\\/\\\/assessoriaboren.com\\\/es\\\/\",\"logo\":{\"@type\":\"ImageObject\",\"inLanguage\":\"es\",\"@id\":\"https:\\\/\\\/assessoriaboren.com\\\/es\\\/#\\\/schema\\\/logo\\\/image\\\/\",\"url\":\"https:\\\/\\\/assessoriaboren.com\\\/wp-content\\\/uploads\\\/2022\\\/02\\\/logo-boren1.jpg\",\"contentUrl\":\"https:\\\/\\\/assessoriaboren.com\\\/wp-content\\\/uploads\\\/2022\\\/02\\\/logo-boren1.jpg\",\"width\":300,\"height\":97,\"caption\":\"Assesor\u00eda Bor\u00e9n\"},\"image\":{\"@id\":\"https:\\\/\\\/assessoriaboren.com\\\/es\\\/#\\\/schema\\\/logo\\\/image\\\/\"}}]}<\/script>\n<!-- \/ Yoast SEO plugin. -->","yoast_head_json":{"title":"Servicios Inmobiliarios\u00a0 - Assessoria Bor\u00e9n","description":"Comptem amb un equip de professionals que t\u2019assessoraran i t\u2019acompanyaran en tot el proc\u00e9s de forma personalitzada en la intermediaci\u00f3 d\u2019operacions de lloguer o de venda","robots":{"index":"index","follow":"follow","max-snippet":"max-snippet:-1","max-image-preview":"max-image-preview:large","max-video-preview":"max-video-preview:-1"},"canonical":"https:\/\/assessoriaboren.com\/es\/servicios-inmobiliarios\/","og_locale":"es_ES","og_type":"article","og_title":"Servicios Inmobiliarios\u00a0 - Assessoria Bor\u00e9n","og_description":"Comptem amb un equip de professionals que t\u2019assessoraran i t\u2019acompanyaran en tot el proc\u00e9s de forma personalitzada en la intermediaci\u00f3 d\u2019operacions de lloguer o de venda","og_url":"https:\/\/assessoriaboren.com\/es\/servicios-inmobiliarios\/","og_site_name":"Assessoria Bor\u00e9n","article_modified_time":"2022-04-21T08:14:18+00:00","og_image":[{"url":"https:\/\/assessoriaboren.com\/wp-content\/uploads\/2022\/02\/BOREN-LLOGUER-4.jpg","type":"","width":"","height":""}],"twitter_card":"summary_large_image","twitter_misc":{"Tiempo de lectura":"1 minuto"},"schema":{"@context":"https:\/\/schema.org","@graph":[{"@type":"WebPage","@id":"https:\/\/assessoriaboren.com\/es\/servicios-inmobiliarios\/","url":"https:\/\/assessoriaboren.com\/es\/servicios-inmobiliarios\/","name":"Servicios Inmobiliarios\u00a0 - Assessoria Bor\u00e9n","isPartOf":{"@id":"https:\/\/assessoriaboren.com\/es\/#website"},"primaryImageOfPage":{"@id":"https:\/\/assessoriaboren.com\/es\/servicios-inmobiliarios\/#primaryimage"},"image":{"@id":"https:\/\/assessoriaboren.com\/es\/servicios-inmobiliarios\/#primaryimage"},"thumbnailUrl":"https:\/\/assessoriaboren.com\/wp-content\/uploads\/2022\/02\/BOREN-LLOGUER-4.jpg","datePublished":"2022-03-07T12:14:02+00:00","dateModified":"2022-04-21T08:14:18+00:00","description":"Comptem amb un equip de professionals que t\u2019assessoraran i t\u2019acompanyaran en tot el proc\u00e9s de forma personalitzada en la intermediaci\u00f3 d\u2019operacions de lloguer o de venda","breadcrumb":{"@id":"https:\/\/assessoriaboren.com\/es\/servicios-inmobiliarios\/#breadcrumb"},"inLanguage":"es","potentialAction":[{"@type":"ReadAction","target":["https:\/\/assessoriaboren.com\/es\/servicios-inmobiliarios\/"]}]},{"@type":"ImageObject","inLanguage":"es","@id":"https:\/\/assessoriaboren.com\/es\/servicios-inmobiliarios\/#primaryimage","url":"https:\/\/assessoriaboren.com\/wp-content\/uploads\/2022\/02\/BOREN-LLOGUER-4.jpg","contentUrl":"https:\/\/assessoriaboren.com\/wp-content\/uploads\/2022\/02\/BOREN-LLOGUER-4.jpg"},{"@type":"BreadcrumbList","@id":"https:\/\/assessoriaboren.com\/es\/servicios-inmobiliarios\/#breadcrumb","itemListElement":[{"@type":"ListItem","position":1,"name":"Portada","item":"https:\/\/assessoriaboren.com\/es\/"},{"@type":"ListItem","position":2,"name":"Servicios Inmobiliarios\u00a0"}]},{"@type":"WebSite","@id":"https:\/\/assessoriaboren.com\/es\/#website","url":"https:\/\/assessoriaboren.com\/es\/","name":"Assessoria Bor\u00e9n","description":"Servicios profesionales inmobiliarios de administraci\u00f3n de fincas y alquileres","publisher":{"@id":"https:\/\/assessoriaboren.com\/es\/#organization"},"potentialAction":[{"@type":"SearchAction","target":{"@type":"EntryPoint","urlTemplate":"https:\/\/assessoriaboren.com\/es\/?s={search_term_string}"},"query-input":{"@type":"PropertyValueSpecification","valueRequired":true,"valueName":"search_term_string"}}],"inLanguage":"es"},{"@type":"Organization","@id":"https:\/\/assessoriaboren.com\/es\/#organization","name":"Assesor\u00eda Bor\u00e9n","url":"https:\/\/assessoriaboren.com\/es\/","logo":{"@type":"ImageObject","inLanguage":"es","@id":"https:\/\/assessoriaboren.com\/es\/#\/schema\/logo\/image\/","url":"https:\/\/assessoriaboren.com\/wp-content\/uploads\/2022\/02\/logo-boren1.jpg","contentUrl":"https:\/\/assessoriaboren.com\/wp-content\/uploads\/2022\/02\/logo-boren1.jpg","width":300,"height":97,"caption":"Assesor\u00eda Bor\u00e9n"},"image":{"@id":"https:\/\/assessoriaboren.com\/es\/#\/schema\/logo\/image\/"}}]}},"_links":{"self":[{"href":"https:\/\/assessoriaboren.com\/es\/wp-json\/wp\/v2\/pages\/1189","targetHints":{"allow":["GET"]}}],"collection":[{"href":"https:\/\/assessoriaboren.com\/es\/wp-json\/wp\/v2\/pages"}],"about":[{"href":"https:\/\/assessoriaboren.com\/es\/wp-json\/wp\/v2\/types\/page"}],"author":[{"embeddable":true,"href":"https:\/\/assessoriaboren.com\/es\/wp-json\/wp\/v2\/users\/1"}],"replies":[{"embeddable":true,"href":"https:\/\/assessoriaboren.com\/es\/wp-json\/wp\/v2\/comments?post=1189"}],"version-history":[{"count":7,"href":"https:\/\/assessoriaboren.com\/es\/wp-json\/wp\/v2\/pages\/1189\/revisions"}],"predecessor-version":[{"id":1196,"href":"https:\/\/assessoriaboren.com\/es\/wp-json\/wp\/v2\/pages\/1189\/revisions\/1196"}],"wp:attachment":[{"href":"https:\/\/assessoriaboren.com\/es\/wp-json\/wp\/v2\/media?parent=1189"}],"curies":[{"name":"wp","href":"https:\/\/api.w.org\/{rel}","templated":true}]}}